{"id":331,"date":"2024-02-16T11:46:39","date_gmt":"2024-02-16T11:46:39","guid":{"rendered":"https:\/\/funflor.com\/?page_id=331"},"modified":"2024-02-23T11:13:33","modified_gmt":"2024-02-23T11:13:33","slug":"granules-hydroelectriques","status":"publish","type":"page","link":"https:\/\/funflor.com\/fr_be\/produits\/granules-hydroelectriques\/","title":{"rendered":"Hydrokorrels"},"content":{"rendered":"<p>[et_pb_section fb_built=&#8221;1&#8243; custom_padding_last_edited=&#8221;on|tablet&#8221; module_class=&#8221;parahacks2&#8243; _builder_version=&#8221;4.23.1&#8243; _module_preset=&#8221;default&#8221; background_image=&#8221;https:\/\/funflor.com\/wp-content\/uploads\/2024\/02\/Hydrokorrels_header.jpg&#8221; parallax=&#8221;on&#8221; parallax_method=&#8221;off&#8221; custom_padding=&#8221;244px|||||&#8221; custom_padding_tablet=&#8221;30px||||false|false&#8221; custom_padding_phone=&#8221;30px||||false|false&#8221; bottom_divider_style=&#8221;wave&#8221; bottom_divider_color=&#8221;#3B5020&#8243; bottom_divider_height=&#8221;186px&#8221; bottom_divider_height_tablet=&#8221;146px&#8221; bottom_divider_height_phone=&#8221;76px&#8221; bottom_divider_height_last_edited=&#8221;on|phone&#8221; global_colors_info=&#8221;{}&#8221;][\/et_pb_section][et_pb_section fb_built=&#8221;1&#8243; _builder_version=&#8221;4.23.1&#8243; _module_preset=&#8221;default&#8221; background_image=&#8221;https:\/\/funflor.com\/wp-content\/uploads\/2023\/11\/pattern-blaadjes.jpg&#8221; parallax=&#8221;on&#8221; parallax_method=&#8221;off&#8221; top_divider_style=&#8221;wave&#8221; top_divider_color=&#8221;#3B5020&#8243; top_divider_height=&#8221;84px&#8221; top_divider_repeat=&#8221;1x&#8221; top_divider_height_tablet=&#8221;54px&#8221; top_divider_height_phone=&#8221;24px&#8221; top_divider_height_last_edited=&#8221;on|phone&#8221; global_colors_info=&#8221;{}&#8221;][et_pb_row custom_padding_last_edited=&#8221;on|tablet&#8221; _builder_version=&#8221;4.23.1&#8243; _module_preset=&#8221;default&#8221; custom_padding=&#8221;64px||45px|||&#8221; custom_padding_tablet=&#8221;48px||0px||false|false&#8221; custom_padding_phone=&#8221;48px||0px||false|false&#8221; global_colors_info=&#8221;{}&#8221;][et_pb_column type=&#8221;4_4&#8243; _builder_version=&#8221;4.23.1&#8243; _module_preset=&#8221;default&#8221; global_colors_info=&#8221;{}&#8221;][et_pb_text disabled_on=&#8221;on|on|off&#8221; _builder_version=&#8221;4.23.1&#8243; _module_preset=&#8221;f2181e09-e492-4731-8607-b9d5821b7197&#8243; header_text_color=&#8221;#FFFFFF&#8221; scroll_vertical_motion=&#8221;0|67|67|100|4|0|-4&#8243; scroll_vertical_motion_tablet=&#8221;0|50|50|100|5.5|0|-4&#8243; scroll_vertical_motion_phone=&#8221;0|50|50|100|5.5|0|-4&#8243; scroll_vertical_motion_last_edited=&#8221;on|tablet&#8221; global_colors_info=&#8221;{}&#8221;]<\/p>\n<h1>HYDROCORRELS<\/h1>\n<p>[\/et_pb_text][et_pb_text _builder_version=\"4.23.1\u2033 _module_preset=\"default\" text_orientation=\"centre\" global_colors_info=\"{}\"]<span style=\"font-size: large;\"><strong>Les hydrogranul\u00e9s Funflor, ou granul\u00e9s d'argile, sont id\u00e9aux pour \u00eatre utilis\u00e9s comme sous-couche dans les jardini\u00e8res et les pots de fleurs.<\/strong>. Une couche de terreau adapt\u00e9 est ensuite plac\u00e9e par-dessus. Cela permet aux racines de se d\u00e9velopper et assure un bon drainage. En outre, ces graines hydroponiques conviennent \u00e9galement comme mat\u00e9riau de rev\u00eatement d\u00e9coratif et pour la culture hydroponique \u00e0 l'int\u00e9rieur et \u00e0 l'ext\u00e9rieur.<\/span>[\/et_pb_text][\/et_pb_column][\/et_pb_row][\/et_pb_section][et_pb_section fb_built=&#8221;1&#8243; custom_padding_last_edited=&#8221;on|tablet&#8221; next_background_color=&#8221;#3B5020&#8243; _builder_version=&#8221;4.23.1&#8243; _module_preset=&#8221;default&#8221; use_background_color_gradient=&#8221;on&#8221; background_color_gradient_stops=&#8221;rgba(255,255,255,0.9) 0%|#ffffff 100%&#8221; background_color_gradient_overlays_image=&#8221;on&#8221; background_image=&#8221;https:\/\/funflor.com\/wp-content\/uploads\/2023\/11\/Funflor_2011995089.jpg&#8221; custom_padding=&#8221;100px||167px||false|&#8221; custom_padding_tablet=&#8221;50px||137px||false|false&#8221; custom_padding_phone=&#8221;50px||137px||false|false&#8221; bottom_divider_style=&#8221;wave&#8221; bottom_divider_height=&#8221;128px&#8221; bottom_divider_height_tablet=&#8221;108px&#8221; bottom_divider_height_phone=&#8221;78px&#8221; bottom_divider_height_last_edited=&#8221;on|phone&#8221; global_colors_info=&#8221;{}&#8221;][et_pb_row column_structure=&#8221;1_2,1_2&#8243; _builder_version=&#8221;4.23.1&#8243; _module_preset=&#8221;default&#8221; global_colors_info=&#8221;{}&#8221;][et_pb_column type=&#8221;1_2&#8243; _builder_version=&#8221;4.23.1&#8243; _module_preset=&#8221;default&#8221; global_colors_info=&#8221;{}&#8221;][et_pb_text _builder_version=&#8221;4.23.1&#8243; _module_preset=&#8221;default&#8221; custom_padding=&#8221;|||15px||&#8221; global_colors_info=&#8221;{}&#8221;]<strong>Mode d'emploi :<\/strong><\/p>\n<ul>\n<li>Remplissez votre pot ou r\u00e9cipient d'une couche de grains Funflor Hydro d'au moins 5 cm.<\/li>\n<li>Appliquer une couche de terreau.<\/li>\n<li>Placer la plante dans le pot.<\/li>\n<li>Recouvrez le tout de terreau.<\/li>\n<li>Presser et arroser de fa\u00e7on ad\u00e9quate.<\/li>\n<\/ul>\n<p>[\/et_pb_text][et_pb_text _builder_version=&#8221;4.23.1&#8243; _module_preset=&#8221;default&#8221; locked=&#8221;off&#8221; global_colors_info=&#8221;{}&#8221;]<strong>D\u00e9coration :<\/strong><br \/>\nDek de plantenschaal of pot af met een laag hydrokorrels.[\/et_pb_text][et_pb_text _builder_version=&#8221;4.23.1&#8243; _module_preset=&#8221;default&#8221; custom_padding=&#8221;|||15px||&#8221; global_colors_info=&#8221;{}&#8221;]<strong>Hydroponique :<\/strong><\/p>\n<ul>\n<li>Retirez la plante du pot et rincez bien les racines pour \u00e9liminer tous les d\u00e9bris de terre.<\/li>\n<li>Remplissez 1\/3 de votre pot ou r\u00e9cipient avec les grains Funflor Hydro.<\/li>\n<li>Placez la plante dans le pot et remplissez-le avec les grains d'hydro\u00e9lectricit\u00e9.<\/li>\n<li>Remplissez le pot ou le r\u00e9cipient avec de l'eau ti\u00e8de. Utilisez un compteur d'eau pour d\u00e9terminer le niveau correct<\/li>\n<\/ul>\n<p>[\/et_pb_text][et_pb_text _builder_version=&#8221;4.23.1&#8243; _module_preset=&#8221;default&#8221; locked=&#8221;off&#8221; global_colors_info=&#8221;{}&#8221;]<strong>Conseil !<\/strong> Les hydro grains ne contiennent pas de nutriments, il faut donc nourrir votre plante \u00e0 temps. Conseil de stockage : Conserver dans un endroit frais et sec. Garder le sac ouvert ferm\u00e9.<\/p>\n<p><strong>Garantie Belgique :<\/strong><br \/>\nGebakken en gewassen korrels van zuivere klei[\/et_pb_text][et_pb_text _builder_version=&#8221;4.23.1&#8243; _module_preset=&#8221;default&#8221; locked=&#8221;off&#8221; global_colors_info=&#8221;{}&#8221;]<\/p>\n<p><strong>Groupe<\/strong> 8-16 mm<strong><br \/><\/strong><strong>Poids net <\/strong>\u00a016 kg<br \/><strong>Contenu<\/strong>\u00a040 L<\/p>\n<p>[\/et_pb_text][\/et_pb_column][et_pb_column type=&#8221;1_2&#8243; _builder_version=&#8221;4.23.1&#8243; _module_preset=&#8221;default&#8221; global_colors_info=&#8221;{}&#8221;][et_pb_image src=&#8221;https:\/\/funflor.com\/wp-content\/uploads\/2024\/02\/3D_Funflor_Hydrokorrels.png&#8221; title_text=&#8221;3D_Funflor_Hydrokorrels&#8221; _builder_version=&#8221;4.23.1&#8243; _module_preset=&#8221;default&#8221; global_colors_info=&#8221;{}&#8221;][\/et_pb_image][\/et_pb_column][\/et_pb_row][\/et_pb_section]<\/p>","protected":false},"excerpt":{"rendered":"<p>HYDROKORRELSFunflor hydrokorrels, ofwel kleikorrels zijn ideaal om te gebruiken als onderlaag in plantenbakken en bloempotten. Daarbovenop komt vervolgens een laag van de juiste potgrond waarin de plant wordt geplaatst. Hierdoor hebben wortels ruimte houvast en zorg je voor goede afwatering\/drainage. Daarnaast zijn deze hydrokorrels ook geschikt als decoratief afdekmateriaal en hydrocultuur voor binnen en buiten.Gebruiksaanwijzing: [&hellip;]<\/p>","protected":false},"author":3,"featured_media":0,"parent":72,"menu_order":0,"comment_status":"closed","ping_status":"closed","template":"","meta":{"_et_pb_use_builder":"on","_et_pb_old_content":"","_et_gb_content_width":"","footnotes":""},"class_list":["post-331","page","type-page","status-publish","hentry"],"_links":{"self":[{"href":"https:\/\/funflor.com\/fr_be\/wp-json\/wp\/v2\/pages\/331","targetHints":{"allow":["GET"]}}],"collection":[{"href":"https:\/\/funflor.com\/fr_be\/wp-json\/wp\/v2\/pages"}],"about":[{"href":"https:\/\/funflor.com\/fr_be\/wp-json\/wp\/v2\/types\/page"}],"author":[{"embeddable":true,"href":"https:\/\/funflor.com\/fr_be\/wp-json\/wp\/v2\/users\/3"}],"replies":[{"embeddable":true,"href":"https:\/\/funflor.com\/fr_be\/wp-json\/wp\/v2\/comments?post=331"}],"version-history":[{"count":5,"href":"https:\/\/funflor.com\/fr_be\/wp-json\/wp\/v2\/pages\/331\/revisions"}],"predecessor-version":[{"id":408,"href":"https:\/\/funflor.com\/fr_be\/wp-json\/wp\/v2\/pages\/331\/revisions\/408"}],"up":[{"embeddable":true,"href":"https:\/\/funflor.com\/fr_be\/wp-json\/wp\/v2\/pages\/72"}],"wp:attachment":[{"href":"https:\/\/funflor.com\/fr_be\/wp-json\/wp\/v2\/media?parent=331"}],"curies":[{"name":"wp","href":"https:\/\/api.w.org\/{rel}","templated":true}]}}