{"id":320,"date":"2024-02-09T16:47:14","date_gmt":"2024-02-09T16:47:14","guid":{"rendered":"https:\/\/funflor.com\/?page_id=320"},"modified":"2024-02-23T11:14:50","modified_gmt":"2024-02-23T11:14:50","slug":"plantes-dinterieur","status":"publish","type":"page","link":"https:\/\/funflor.com\/fr_be\/produits\/plantes-dinterieur\/","title":{"rendered":"Kamerplanten"},"content":{"rendered":"<p>[et_pb_section fb_built=&#8221;1&#8243; custom_padding_last_edited=&#8221;on|tablet&#8221; module_class=&#8221;parahacks2&#8243; _builder_version=&#8221;4.23.1&#8243; _module_preset=&#8221;default&#8221; background_image=&#8221;https:\/\/funflor.com\/wp-content\/uploads\/2024\/02\/Funflor-Kamerplanten.jpg&#8221; parallax=&#8221;on&#8221; parallax_method=&#8221;off&#8221; custom_padding=&#8221;244px|||||&#8221; custom_padding_tablet=&#8221;30px||||false|false&#8221; custom_padding_phone=&#8221;30px||||false|false&#8221; bottom_divider_style=&#8221;wave&#8221; bottom_divider_color=&#8221;#3B5020&#8243; bottom_divider_height=&#8221;186px&#8221; bottom_divider_height_tablet=&#8221;146px&#8221; bottom_divider_height_phone=&#8221;76px&#8221; bottom_divider_height_last_edited=&#8221;on|phone&#8221; global_colors_info=&#8221;{}&#8221;][\/et_pb_section][et_pb_section fb_built=&#8221;1&#8243; _builder_version=&#8221;4.23.1&#8243; _module_preset=&#8221;default&#8221; background_image=&#8221;https:\/\/funflor.com\/wp-content\/uploads\/2023\/11\/pattern-blaadjes.jpg&#8221; parallax=&#8221;on&#8221; parallax_method=&#8221;off&#8221; top_divider_style=&#8221;wave&#8221; top_divider_color=&#8221;#3B5020&#8243; top_divider_height=&#8221;84px&#8221; top_divider_repeat=&#8221;1x&#8221; top_divider_height_tablet=&#8221;54px&#8221; top_divider_height_phone=&#8221;24px&#8221; top_divider_height_last_edited=&#8221;on|phone&#8221; global_colors_info=&#8221;{}&#8221;][et_pb_row custom_padding_last_edited=&#8221;on|tablet&#8221; _builder_version=&#8221;4.23.1&#8243; _module_preset=&#8221;default&#8221; custom_padding=&#8221;64px||45px|||&#8221; custom_padding_tablet=&#8221;48px||0px||false|false&#8221; custom_padding_phone=&#8221;48px||0px||false|false&#8221; global_colors_info=&#8221;{}&#8221;][et_pb_column type=&#8221;4_4&#8243; _builder_version=&#8221;4.23.1&#8243; _module_preset=&#8221;default&#8221; global_colors_info=&#8221;{}&#8221;][et_pb_text disabled_on=&#8221;on|on|off&#8221; _builder_version=&#8221;4.23.1&#8243; _module_preset=&#8221;f2181e09-e492-4731-8607-b9d5821b7197&#8243; header_text_color=&#8221;#FFFFFF&#8221; scroll_vertical_motion=&#8221;0|67|67|100|4|0|-4&#8243; scroll_vertical_motion_tablet=&#8221;0|50|50|100|5.5|0|-4&#8243; scroll_vertical_motion_phone=&#8221;0|50|50|100|5.5|0|-4&#8243; scroll_vertical_motion_last_edited=&#8221;on|tablet&#8221; global_colors_info=&#8221;{}&#8221;]<\/p>\n<h1>ROOM PLANTS<\/h1>\n<p>[\/et_pb_text][et_pb_text _builder_version=\"4.23.1\u2033 _module_preset=\"default\" text_orientation=\"centre\" global_colors_info=\"{}\"]<\/p>\n<p class=\"translation-block\"><span style=\"font-size : large\"><strong>Ce terreau convient aux plantes d'int\u00e9rieur vertes et fleuries et aux palmiers<\/strong>. Gr\u00e2ce \u00e0 sa composition sophistiqu\u00e9e, le terreau reste longtemps humide, ce qui permet de r\u00e9duire l'arrosage. Pour une croissance saine de vos plantes, un engrais sp\u00e9cial contenant des nutriments essentiels est ajout\u00e9 pendant les 180 premiers jours.<\/p>\n<p>[\/et_pb_text][\/et_pb_column][\/et_pb_row][\/et_pb_section][et_pb_section fb_built=&#8221;1&#8243; custom_padding_last_edited=&#8221;on|tablet&#8221; next_background_color=&#8221;#3B5020&#8243; _builder_version=&#8221;4.23.1&#8243; _module_preset=&#8221;default&#8221; use_background_color_gradient=&#8221;on&#8221; background_color_gradient_stops=&#8221;rgba(255,255,255,0.9) 0%|#ffffff 100%&#8221; background_color_gradient_overlays_image=&#8221;on&#8221; background_image=&#8221;https:\/\/funflor.com\/wp-content\/uploads\/2023\/11\/Funflor_2011995089.jpg&#8221; custom_padding=&#8221;100px||167px||false|&#8221; custom_padding_tablet=&#8221;50px||137px||false|false&#8221; custom_padding_phone=&#8221;50px||137px||false|false&#8221; bottom_divider_style=&#8221;wave&#8221; bottom_divider_height=&#8221;128px&#8221; bottom_divider_height_tablet=&#8221;108px&#8221; bottom_divider_height_phone=&#8221;78px&#8221; bottom_divider_height_last_edited=&#8221;on|phone&#8221; global_colors_info=&#8221;{}&#8221;][et_pb_row column_structure=&#8221;1_2,1_2&#8243; _builder_version=&#8221;4.23.1&#8243; _module_preset=&#8221;default&#8221; global_colors_info=&#8221;{}&#8221;][et_pb_column type=&#8221;1_2&#8243; _builder_version=&#8221;4.23.1&#8243; _module_preset=&#8221;default&#8221; global_colors_info=&#8221;{}&#8221;][et_pb_text _builder_version=&#8221;4.23.1&#8243; _module_preset=&#8221;default&#8221; custom_padding=&#8221;|||15px||&#8221; global_colors_info=&#8221;{}&#8221;]<\/p>\n<p><strong>Mode d'emploi :<\/strong><\/p>\n<ul>\n<li>Lorsque vous rempotez ou rempotez, assurez-vous toujours que le pot ou le r\u00e9cipient est propre.<\/li>\n<li>Placez une couche drainante de granul\u00e9s hydro au fond du pot ou du r\u00e9cipient.<\/li>\n<li>Remplissez le pot ou le r\u00e9cipient avec du terreau Funflor et placez la plante \u00e0 l'int\u00e9rieur.<\/li>\n<li>Recouvrir les c\u00f4t\u00e9s avec du terreau Funflor et presser l\u00e9g\u00e8rement.<\/li>\n<li>Verser suffisamment d'eau.<\/li>\n<li>Contient des \u00e9l\u00e9ments nutritifs pour 180 jours.<\/li>\n<\/ul>\n<p>[\/et_pb_text][et_pb_text _builder_version=&#8221;4.23.1&#8243; _module_preset=&#8221;default&#8221; locked=&#8221;off&#8221; global_colors_info=&#8221;{}&#8221;]Voor zuurminnende planten Funflor\u00ae potgrond Hortensia, Rhodo &amp; Heide gebruiken! Bij aanplant in volle grond: meng 50% potgrond door de volle grond.<\/p>\n<p><strong>Conseil !<\/strong> Bien agiter le contenu du sachet avant utilisation. <strong>Conseils de conservation :<\/strong> Conserver dans un endroit frais et sec. Conserver le sac ouvert, ferm\u00e9.<\/p>\n<p><strong>Garantie Belgique :<\/strong><br \/>\nTeeltsubstraat: Potgrond op basis van tuinturf, gecomposteerde naaldhoutschors, turfstrooisel, ge\u00ebxtrudeerde houtvezel, naald- en bladgrond, meststoffen op basis van calcium en magnesium en samengestelde meststof NPK.[\/et_pb_text][et_pb_text _builder_version=&#8221;4.23.1&#8243; _module_preset=&#8221;default&#8221; locked=&#8221;off&#8221; global_colors_info=&#8221;{}&#8221;]<\/p>\n<p><strong>Garanties :<\/strong><br \/><strong>Tissu sec<\/strong> 20%<br \/><strong>Mati\u00e8re organique<\/strong> 20%<br \/><strong>Zone de pH (eau)<\/strong> 4,5 - 7,0<br \/><strong>Conductivit\u00e9 \u00e9lectrique (CE)<\/strong> 650 \u03bcS\/cm<br \/><strong>Engrais compos\u00e9 enrob\u00e9 NPK (15-7-15) <\/strong>2,0 kg\/m\u00b3<strong><br \/>Engrais compos\u00e9 NPK (14-16-18) 0,5<\/strong>\u00a0kg\/m\u00b3<strong><br \/><\/strong><strong>Poids net<\/strong>\u00a013 kg<br \/><b>Contenu<\/b> 40 L<\/p>\n<p>[\/et_pb_text][\/et_pb_column][et_pb_column type=&#8221;1_2&#8243; _builder_version=&#8221;4.23.1&#8243; _module_preset=&#8221;default&#8221; global_colors_info=&#8221;{}&#8221;][et_pb_image src=&#8221;https:\/\/funflor.com\/wp-content\/uploads\/2024\/02\/3D_Funflor_Potgrond-Kamerplanten.png&#8221; title_text=&#8221;3D_Funflor_Potgrond Kamerplanten&#8221; _builder_version=&#8221;4.23.1&#8243; _module_preset=&#8221;default&#8221; global_colors_info=&#8221;{}&#8221;][\/et_pb_image][\/et_pb_column][\/et_pb_row][\/et_pb_section]<\/p>","protected":false},"excerpt":{"rendered":"<p>KAMERPLANTENDeze potgrond is geschikt voor groene en bloeiende kamerplanten en palmen. Door de uitgekiende samenstelling blijf de potgrond lang vochtig, waardoor je minder water hoeft te geven. Voor gezonde groei van je planten is er een speciale meststof toegevoegd met essenti\u00eble voedingsstoffen voor de eerste 180 dagen.Gebruiksaanwijzing: Bij potten of verpotten zorg altijd voor een [&hellip;]<\/p>","protected":false},"author":3,"featured_media":0,"parent":72,"menu_order":0,"comment_status":"closed","ping_status":"closed","template":"","meta":{"_et_pb_use_builder":"on","_et_pb_old_content":"","_et_gb_content_width":"","footnotes":""},"class_list":["post-320","page","type-page","status-publish","hentry"],"_links":{"self":[{"href":"https:\/\/funflor.com\/fr_be\/wp-json\/wp\/v2\/pages\/320","targetHints":{"allow":["GET"]}}],"collection":[{"href":"https:\/\/funflor.com\/fr_be\/wp-json\/wp\/v2\/pages"}],"about":[{"href":"https:\/\/funflor.com\/fr_be\/wp-json\/wp\/v2\/types\/page"}],"author":[{"embeddable":true,"href":"https:\/\/funflor.com\/fr_be\/wp-json\/wp\/v2\/users\/3"}],"replies":[{"embeddable":true,"href":"https:\/\/funflor.com\/fr_be\/wp-json\/wp\/v2\/comments?post=320"}],"version-history":[{"count":6,"href":"https:\/\/funflor.com\/fr_be\/wp-json\/wp\/v2\/pages\/320\/revisions"}],"predecessor-version":[{"id":409,"href":"https:\/\/funflor.com\/fr_be\/wp-json\/wp\/v2\/pages\/320\/revisions\/409"}],"up":[{"embeddable":true,"href":"https:\/\/funflor.com\/fr_be\/wp-json\/wp\/v2\/pages\/72"}],"wp:attachment":[{"href":"https:\/\/funflor.com\/fr_be\/wp-json\/wp\/v2\/media?parent=320"}],"curies":[{"name":"wp","href":"https:\/\/api.w.org\/{rel}","templated":true}]}}