{"id":295,"date":"2024-01-12T14:35:27","date_gmt":"2024-01-12T14:35:27","guid":{"rendered":"https:\/\/funflor.com\/?page_id=295"},"modified":"2024-02-23T11:17:46","modified_gmt":"2024-02-23T11:17:46","slug":"compost-de-jardin","status":"publish","type":"page","link":"https:\/\/funflor.com\/fr_be\/produits\/compost-de-jardin\/","title":{"rendered":"Compost de jardin"},"content":{"rendered":"<p>[et_pb_section fb_built=&#8221;1&#8243; custom_padding_last_edited=&#8221;on|tablet&#8221; module_class=&#8221;parahacks2&#8243; _builder_version=&#8221;4.23.1&#8243; _module_preset=&#8221;default&#8221; background_image=&#8221;https:\/\/funflor.com\/wp-content\/uploads\/2023\/11\/Compost_340183901.jpg&#8221; parallax=&#8221;on&#8221; parallax_method=&#8221;off&#8221; custom_padding=&#8221;244px|||||&#8221; custom_padding_tablet=&#8221;30px||||false|false&#8221; custom_padding_phone=&#8221;30px||||false|false&#8221; bottom_divider_style=&#8221;wave&#8221; bottom_divider_color=&#8221;#3B5020&#8243; bottom_divider_height=&#8221;186px&#8221; bottom_divider_height_tablet=&#8221;146px&#8221; bottom_divider_height_phone=&#8221;76px&#8221; bottom_divider_height_last_edited=&#8221;on|phone&#8221; global_colors_info=&#8221;{}&#8221;][\/et_pb_section][et_pb_section fb_built=&#8221;1&#8243; _builder_version=&#8221;4.23.1&#8243; _module_preset=&#8221;default&#8221; background_image=&#8221;https:\/\/funflor.com\/wp-content\/uploads\/2023\/11\/pattern-blaadjes.jpg&#8221; parallax=&#8221;on&#8221; parallax_method=&#8221;off&#8221; top_divider_style=&#8221;wave&#8221; top_divider_color=&#8221;#3B5020&#8243; top_divider_height=&#8221;84px&#8221; top_divider_repeat=&#8221;1x&#8221; top_divider_height_tablet=&#8221;54px&#8221; top_divider_height_phone=&#8221;24px&#8221; top_divider_height_last_edited=&#8221;on|phone&#8221; global_colors_info=&#8221;{}&#8221;][et_pb_row custom_padding_last_edited=&#8221;on|tablet&#8221; _builder_version=&#8221;4.23.1&#8243; _module_preset=&#8221;default&#8221; custom_padding=&#8221;64px||45px|||&#8221; custom_padding_tablet=&#8221;48px||0px||false|false&#8221; custom_padding_phone=&#8221;48px||0px||false|false&#8221; global_colors_info=&#8221;{}&#8221;][et_pb_column type=&#8221;4_4&#8243; _builder_version=&#8221;4.23.1&#8243; _module_preset=&#8221;default&#8221; global_colors_info=&#8221;{}&#8221;][et_pb_text disabled_on=&#8221;on|on|off&#8221; _builder_version=&#8221;4.23.1&#8243; _module_preset=&#8221;f2181e09-e492-4731-8607-b9d5821b7197&#8243; header_text_color=&#8221;#FFFFFF&#8221; scroll_vertical_motion=&#8221;0|67|67|100|4|0|-4&#8243; scroll_vertical_motion_tablet=&#8221;0|50|50|100|5.5|0|-4&#8243; scroll_vertical_motion_phone=&#8221;0|50|50|100|5.5|0|-4&#8243; scroll_vertical_motion_last_edited=&#8221;on|tablet&#8221; global_colors_info=&#8221;{}&#8221;]<\/p>\n<h1>TUINCOMPOST<\/h1>\n<p>[\/et_pb_text][et_pb_text _builder_version=\"4.23.1\u2033 _module_preset=\"default\" text_orientation=\"centre\" global_colors_info=\"{}\"]<span style=\"font-size: large;\"><strong>Amendement organique mixte pour am\u00e9liorer la structure du sol.<\/strong> Le compost de jardin Funflor am\u00e9liore la circulation de l'air et de l'eau pour cr\u00e9er une vie active dans le sol. Le syst\u00e8me racinaire se d\u00e9veloppe bien gr\u00e2ce \u00e0 la teneur \u00e9lev\u00e9e en mati\u00e8res organiques et en \u00e9l\u00e9ments nutritifs.<\/span>[\/et_pb_text][\/et_pb_column][\/et_pb_row][\/et_pb_section][et_pb_section fb_built=&#8221;1&#8243; custom_padding_last_edited=&#8221;on|tablet&#8221; next_background_color=&#8221;#3B5020&#8243; _builder_version=&#8221;4.23.1&#8243; _module_preset=&#8221;default&#8221; use_background_color_gradient=&#8221;on&#8221; background_color_gradient_stops=&#8221;rgba(255,255,255,0.9) 0%|#ffffff 100%&#8221; background_color_gradient_overlays_image=&#8221;on&#8221; background_image=&#8221;https:\/\/funflor.com\/wp-content\/uploads\/2023\/11\/Funflor_2011995089.jpg&#8221; custom_padding=&#8221;100px||167px||false|&#8221; custom_padding_tablet=&#8221;50px||137px||false|false&#8221; custom_padding_phone=&#8221;50px||137px||false|false&#8221; bottom_divider_style=&#8221;wave&#8221; bottom_divider_height=&#8221;128px&#8221; bottom_divider_height_tablet=&#8221;108px&#8221; bottom_divider_height_phone=&#8221;78px&#8221; bottom_divider_height_last_edited=&#8221;on|phone&#8221; global_colors_info=&#8221;{}&#8221;][et_pb_row column_structure=&#8221;1_2,1_2&#8243; _builder_version=&#8221;4.23.1&#8243; _module_preset=&#8221;default&#8221; global_colors_info=&#8221;{}&#8221;][et_pb_column type=&#8221;1_2&#8243; _builder_version=&#8221;4.23.1&#8243; _module_preset=&#8221;default&#8221; global_colors_info=&#8221;{}&#8221;][et_pb_text _builder_version=&#8221;4.23.1&#8243; _module_preset=&#8221;default&#8221; custom_padding=&#8221;|||15px||&#8221; global_colors_info=&#8221;{}&#8221;]<strong>Mode d'emploi :<\/strong><br \/>\nLe compost de jardin Funflor est facile \u00e0 utiliser.<br \/>\ns'appliquent tout au long de l'ann\u00e9e.<br \/>\nConvient pour les pelouses, les jardins d'agr\u00e9ment et les potagers :<\/p>\n<ul>\n<li>Lors de la mise en place, \u00e9pandre 20 L par m\u00b2 et ratisser.<\/li>\n<li>Pour l'entretien des pelouses en automne, \u00e9pandre 10 L par m\u00b2.<\/li>\n<li>Pour l'entretien des jardins d'agr\u00e9ment et des potagers, \u00e9pandre 10 L par m\u00b2 et<br \/>\nle ratissage.<\/li>\n<li>Lors de la plantation d'arbres ou d'arbustes, m\u00e9langer 1\/3 de Compost de jardin Funflor<br \/>\navec 2\/3 de terre pleine.<\/li>\n<\/ul>\n<p>[\/et_pb_text][et_pb_text _builder_version=&#8221;4.23.1&#8243; _module_preset=&#8221;default&#8221; global_colors_info=&#8221;{}&#8221;]Funflor Tuincompost niet gebruiken als potgrond, het mengsel is hiervoor te rijk en zal voor verbranding zorgen. Voor het vullen van bakken gebruik de juiste Funflor potgrond.<\/p>\n<p class=\"translation-block\">Bien agiter le contenu du sachet avant utilisation.<\/p>\n<p><strong>Conseils de conservation :<\/strong><br \/>\nConserver dans un endroit frais et sec. Conserver le sac ouvert, ferm\u00e9.<\/p>\n<p><strong>Garantie Belgique :<\/strong><br \/>\nGemengd organisch bodemverbeterend middel op basis van gecomposteerde naaldhoutschors, tuinturf en gedroogde koemest.[\/et_pb_text][et_pb_text _builder_version=&#8221;4.23.1&#8243; _module_preset=&#8221;default&#8221; global_colors_info=&#8221;{}&#8221;]<\/p>\n<p><strong>Garanties :<\/strong><br \/><strong>Mati\u00e8re organique<\/strong> 22%<br \/><strong>Contenu<\/strong> 40 L<\/p>\n<p>[\/et_pb_text][\/et_pb_column][et_pb_column type=&#8221;1_2&#8243; _builder_version=&#8221;4.23.1&#8243; _module_preset=&#8221;default&#8221; global_colors_info=&#8221;{}&#8221;][et_pb_image src=&#8221;https:\/\/funflor.com\/wp-content\/uploads\/2024\/01\/Tuincompost.png&#8221; title_text=&#8221;Tuincompost&#8221; _builder_version=&#8221;4.23.1&#8243; _module_preset=&#8221;default&#8221; global_colors_info=&#8221;{}&#8221;][\/et_pb_image][\/et_pb_column][\/et_pb_row][\/et_pb_section]<\/p>","protected":false},"excerpt":{"rendered":"<p>TUINCOMPOSTGemengd organisch bodemverbeterend middel om de structuur van de bodem te verbeteren. Funflor Tuincompost zorgt voor een betere lucht- en waterhuishouding zodat er een actief bodemleven ontstaat. Het wortelgestel kan zich goed ontwikkelen door het hoge gehalte aan organische stof en voedingsstoffen.Gebruiksaanwijzing: Funflor Tuincompost is makkelijk in gebruik en kan je het hele jaar door [&hellip;]<\/p>","protected":false},"author":3,"featured_media":0,"parent":72,"menu_order":0,"comment_status":"closed","ping_status":"closed","template":"","meta":{"_et_pb_use_builder":"on","_et_pb_old_content":"","_et_gb_content_width":"","footnotes":""},"class_list":["post-295","page","type-page","status-publish","hentry"],"_links":{"self":[{"href":"https:\/\/funflor.com\/fr_be\/wp-json\/wp\/v2\/pages\/295","targetHints":{"allow":["GET"]}}],"collection":[{"href":"https:\/\/funflor.com\/fr_be\/wp-json\/wp\/v2\/pages"}],"about":[{"href":"https:\/\/funflor.com\/fr_be\/wp-json\/wp\/v2\/types\/page"}],"author":[{"embeddable":true,"href":"https:\/\/funflor.com\/fr_be\/wp-json\/wp\/v2\/users\/3"}],"replies":[{"embeddable":true,"href":"https:\/\/funflor.com\/fr_be\/wp-json\/wp\/v2\/comments?post=295"}],"version-history":[{"count":7,"href":"https:\/\/funflor.com\/fr_be\/wp-json\/wp\/v2\/pages\/295\/revisions"}],"predecessor-version":[{"id":415,"href":"https:\/\/funflor.com\/fr_be\/wp-json\/wp\/v2\/pages\/295\/revisions\/415"}],"up":[{"embeddable":true,"href":"https:\/\/funflor.com\/fr_be\/wp-json\/wp\/v2\/pages\/72"}],"wp:attachment":[{"href":"https:\/\/funflor.com\/fr_be\/wp-json\/wp\/v2\/media?parent=295"}],"curies":[{"name":"wp","href":"https:\/\/api.w.org\/{rel}","templated":true}]}}