{"id":288,"date":"2024-01-12T13:58:58","date_gmt":"2024-01-12T13:58:58","guid":{"rendered":"https:\/\/funflor.com\/?page_id=288"},"modified":"2024-02-23T11:18:07","modified_gmt":"2024-02-23T11:18:07","slug":"gazon-de-jardin","status":"publish","type":"page","link":"https:\/\/funflor.com\/fr_be\/produits\/gazon-de-jardin\/","title":{"rendered":"Gazon de jardin"},"content":{"rendered":"<p>[et_pb_section fb_built=&#8221;1&#8243; custom_padding_last_edited=&#8221;on|tablet&#8221; module_class=&#8221;parahacks2&#8243; _builder_version=&#8221;4.23.1&#8243; _module_preset=&#8221;default&#8221; background_image=&#8221;https:\/\/funflor.com\/wp-content\/uploads\/2023\/11\/Tuinturf_1533554471.jpg&#8221; parallax=&#8221;on&#8221; parallax_method=&#8221;off&#8221; custom_padding=&#8221;244px|||||&#8221; custom_padding_tablet=&#8221;30px||||false|false&#8221; custom_padding_phone=&#8221;30px||||false|false&#8221; bottom_divider_style=&#8221;wave&#8221; bottom_divider_color=&#8221;#3B5020&#8243; bottom_divider_height=&#8221;186px&#8221; bottom_divider_height_tablet=&#8221;146px&#8221; bottom_divider_height_phone=&#8221;76px&#8221; bottom_divider_height_last_edited=&#8221;on|phone&#8221; global_colors_info=&#8221;{}&#8221;][\/et_pb_section][et_pb_section fb_built=&#8221;1&#8243; _builder_version=&#8221;4.23.1&#8243; _module_preset=&#8221;default&#8221; background_image=&#8221;https:\/\/funflor.com\/wp-content\/uploads\/2023\/11\/pattern-blaadjes.jpg&#8221; parallax=&#8221;on&#8221; parallax_method=&#8221;off&#8221; top_divider_style=&#8221;wave&#8221; top_divider_color=&#8221;#3B5020&#8243; top_divider_height=&#8221;84px&#8221; top_divider_repeat=&#8221;1x&#8221; top_divider_height_tablet=&#8221;54px&#8221; top_divider_height_phone=&#8221;24px&#8221; top_divider_height_last_edited=&#8221;on|phone&#8221; global_colors_info=&#8221;{}&#8221;][et_pb_row custom_padding_last_edited=&#8221;on|tablet&#8221; _builder_version=&#8221;4.23.1&#8243; _module_preset=&#8221;default&#8221; custom_padding=&#8221;65px||45px|||&#8221; custom_padding_tablet=&#8221;48px||0px||false|false&#8221; custom_padding_phone=&#8221;48px||0px||false|false&#8221; global_colors_info=&#8221;{}&#8221;][et_pb_column type=&#8221;4_4&#8243; _builder_version=&#8221;4.23.1&#8243; _module_preset=&#8221;default&#8221; global_colors_info=&#8221;{}&#8221;][et_pb_text disabled_on=&#8221;on|on|off&#8221; _builder_version=&#8221;4.23.1&#8243; _module_preset=&#8221;f2181e09-e492-4731-8607-b9d5821b7197&#8243; header_text_color=&#8221;#FFFFFF&#8221; scroll_vertical_motion=&#8221;0|67|67|100|4|0|-4&#8243; scroll_vertical_motion_tablet=&#8221;0|50|50|100|5.5|0|-4&#8243; scroll_vertical_motion_phone=&#8221;0|50|50|100|5.5|0|-4&#8243; scroll_vertical_motion_last_edited=&#8221;on|tablet&#8221; global_colors_info=&#8221;{}&#8221;]<\/p>\n<h1>TUINTURF<\/h1>\n<p>[\/et_pb_text][et_pb_text _builder_version=\"4.23.1\u2033 _module_preset=\"default\" text_orientation=\"centre\" global_colors_info=\"{}\"]<span style=\"font-size: large;\"><strong>Amendement organique riche en mati\u00e8re organique. Funflor\u00ae Garden Turf cr\u00e9e un sol plus l\u00e9ger avec une plus grande capacit\u00e9 d'absorption d'eau et une vie active du sol.<\/strong> Acidit\u00e9 id\u00e9ale pour les plantes acidophiles telles que les hortensias, les azal\u00e9es, les rhododendrons, les bruy\u00e8res, etc.<\/span>[\/et_pb_text][\/et_pb_column][\/et_pb_row][\/et_pb_section][et_pb_section fb_built=&#8221;1&#8243; custom_padding_last_edited=&#8221;on|tablet&#8221; next_background_color=&#8221;#3B5020&#8243; _builder_version=&#8221;4.23.1&#8243; _module_preset=&#8221;default&#8221; use_background_color_gradient=&#8221;on&#8221; background_color_gradient_stops=&#8221;rgba(255,255,255,0.9) 0%|#ffffff 100%&#8221; background_color_gradient_overlays_image=&#8221;on&#8221; background_image=&#8221;https:\/\/funflor.com\/wp-content\/uploads\/2023\/11\/Funflor_2011995089.jpg&#8221; custom_padding=&#8221;100px||167px||false|&#8221; custom_padding_tablet=&#8221;50px||137px||false|false&#8221; custom_padding_phone=&#8221;50px||137px||false|false&#8221; bottom_divider_style=&#8221;wave&#8221; bottom_divider_height=&#8221;128px&#8221; bottom_divider_height_tablet=&#8221;108px&#8221; bottom_divider_height_phone=&#8221;78px&#8221; bottom_divider_height_last_edited=&#8221;on|phone&#8221; global_colors_info=&#8221;{}&#8221;][et_pb_row column_structure=&#8221;1_2,1_2&#8243; _builder_version=&#8221;4.23.1&#8243; _module_preset=&#8221;default&#8221; global_colors_info=&#8221;{}&#8221;][et_pb_column type=&#8221;1_2&#8243; _builder_version=&#8221;4.23.1&#8243; _module_preset=&#8221;default&#8221; global_colors_info=&#8221;{}&#8221;][et_pb_text _builder_version=&#8221;4.23.1&#8243; _module_preset=&#8221;default&#8221; custom_padding=&#8221;|||15px||&#8221; global_colors_info=&#8221;{}&#8221;]<strong>Mode d'emploi :<\/strong><\/p>\n<ul>\n<li>Faire un trou de plantation deux fois plus grand que la motte de racines.<\/li>\n<li>Remplir \u00e0 moiti\u00e9 le trou de plantation avec le gazon Funflor\u00ae Garden Turf et le placer dans le trou.<br \/>\npuis les plantes dans le trou de plantation.<\/li>\n<li>Remplir ensuite le trou de plantation avec du gazon de jardin Funflor\u00ae.<\/li>\n<li>Presser et arroser de fa\u00e7on ad\u00e9quate.<\/li>\n<\/ul>\n<p>[\/et_pb_text][et_pb_text _builder_version=&#8221;4.23.1&#8243; _module_preset=&#8221;default&#8221; global_colors_info=&#8221;{}&#8221;]<strong>Entretien :<\/strong><br \/>\nChaque printemps et automne, saupoudrez une couche de 2 cm de Funflor\u00ae Garden Turf autour des plantes de votre jardin ou de votre bordure.<\/p>\n<p><strong>Am\u00e9lioration structurelle :<\/strong><br \/>\nChaque ann\u00e9e, saupoudrez une couche de 5 cm de Funflor\u00ae Garden Turf dans votre bordure et ratissez l\u00e9g\u00e8rement le sol.<\/p>\n<p class=\"translation-block\">Bien agiter le contenu du sachet avant utilisation.<\/p>\n<p><strong>Conseils de conservation :<\/strong><br \/>\nConserver dans un endroit frais et sec. Conserver le sac ouvert, ferm\u00e9.<\/p>\n<p><strong>Garantie Belgique :<\/strong><br \/>\nOrganisch bodemverbeterend middel rijk aan organisch stof op basis van 100% tuinturf ofwel doorgevroren zwartveen.[\/et_pb_text][et_pb_text _builder_version=&#8221;4.23.1&#8243; _module_preset=&#8221;default&#8221; global_colors_info=&#8221;{}&#8221;]<\/p>\n<p><strong>Garanties :<\/strong><br \/><strong>Mati\u00e8re organique<\/strong> 50%<br \/><strong>Zone de pH (eau)<\/strong> 3,5 - 5,5<br \/><b>Contenu<\/b> 40 L<\/p>\n<p>[\/et_pb_text][\/et_pb_column][et_pb_column type=&#8221;1_2&#8243; _builder_version=&#8221;4.23.1&#8243; _module_preset=&#8221;default&#8221; global_colors_info=&#8221;{}&#8221;][et_pb_image src=&#8221;https:\/\/funflor.com\/wp-content\/uploads\/2024\/01\/Tuinturf.png&#8221; title_text=&#8221;Tuinturf&#8221; _builder_version=&#8221;4.23.1&#8243; _module_preset=&#8221;default&#8221; global_colors_info=&#8221;{}&#8221;][\/et_pb_image][\/et_pb_column][\/et_pb_row][\/et_pb_section]<\/p>","protected":false},"excerpt":{"rendered":"<p>TUINTURFOrganisch bodemverbeterend middel rijk aan organisch stof. Funflor\u00ae Tuinturf zorgt voor een lichtere bodem met een hoger wateropnemend vermogen en een actief bodemleven. Heeft een ideale zuurtegraad voor zuurminnende planten zoals hortensia\u2019s, azalea\u2019s, rododendrons, heide, enz.Gebruiksaanwijzing: Maak een plantgat 2 maal zo groot als de kluit Vul het plantgat voor de helft met Funflor\u00ae Tuinturf [&hellip;]<\/p>","protected":false},"author":3,"featured_media":0,"parent":72,"menu_order":0,"comment_status":"closed","ping_status":"closed","template":"","meta":{"_et_pb_use_builder":"on","_et_pb_old_content":"","_et_gb_content_width":"","footnotes":""},"class_list":["post-288","page","type-page","status-publish","hentry"],"_links":{"self":[{"href":"https:\/\/funflor.com\/fr_be\/wp-json\/wp\/v2\/pages\/288","targetHints":{"allow":["GET"]}}],"collection":[{"href":"https:\/\/funflor.com\/fr_be\/wp-json\/wp\/v2\/pages"}],"about":[{"href":"https:\/\/funflor.com\/fr_be\/wp-json\/wp\/v2\/types\/page"}],"author":[{"embeddable":true,"href":"https:\/\/funflor.com\/fr_be\/wp-json\/wp\/v2\/users\/3"}],"replies":[{"embeddable":true,"href":"https:\/\/funflor.com\/fr_be\/wp-json\/wp\/v2\/comments?post=288"}],"version-history":[{"count":7,"href":"https:\/\/funflor.com\/fr_be\/wp-json\/wp\/v2\/pages\/288\/revisions"}],"predecessor-version":[{"id":416,"href":"https:\/\/funflor.com\/fr_be\/wp-json\/wp\/v2\/pages\/288\/revisions\/416"}],"up":[{"embeddable":true,"href":"https:\/\/funflor.com\/fr_be\/wp-json\/wp\/v2\/pages\/72"}],"wp:attachment":[{"href":"https:\/\/funflor.com\/fr_be\/wp-json\/wp\/v2\/media?parent=288"}],"curies":[{"name":"wp","href":"https:\/\/api.w.org\/{rel}","templated":true}]}}