{"id":277,"date":"2024-01-12T13:13:46","date_gmt":"2024-01-12T13:13:46","guid":{"rendered":"https:\/\/funflor.com\/?page_id=277"},"modified":"2025-02-25T09:50:38","modified_gmt":"2025-02-25T09:50:38","slug":"terre-de-jardin-fertilisee","status":"publish","type":"page","link":"https:\/\/funflor.com\/fr_be\/produits\/terre-de-jardin-fertilisee\/","title":{"rendered":"Bemeste Tuinaarde"},"content":{"rendered":"<p>[et_pb_section fb_built=&#8221;1&#8243; custom_padding_last_edited=&#8221;on|tablet&#8221; module_class=&#8221;parahacks2, cfgeo-hide-from-belgium&#8221; _builder_version=&#8221;4.23.1&#8243; _module_preset=&#8221;default&#8221; background_image=&#8221;https:\/\/funflor.com\/wp-content\/uploads\/2023\/11\/Tuinaarde_581026003.jpg&#8221; parallax=&#8221;on&#8221; parallax_method=&#8221;off&#8221; custom_padding=&#8221;244px|||||&#8221; custom_padding_tablet=&#8221;30px||||false|false&#8221; custom_padding_phone=&#8221;30px||||false|false&#8221; bottom_divider_style=&#8221;wave&#8221; bottom_divider_color=&#8221;#3B5020&#8243; bottom_divider_height=&#8221;186px&#8221; bottom_divider_height_tablet=&#8221;146px&#8221; bottom_divider_height_phone=&#8221;76px&#8221; bottom_divider_height_last_edited=&#8221;on|phone&#8221; hover_enabled=&#8221;0&#8243; global_colors_info=&#8221;{}&#8221; sticky_enabled=&#8221;0&#8243;][\/et_pb_section][et_pb_section fb_built=&#8221;1&#8243; _builder_version=&#8221;4.23.1&#8243; _module_preset=&#8221;default&#8221; background_image=&#8221;https:\/\/funflor.com\/wp-content\/uploads\/2023\/11\/pattern-blaadjes.jpg&#8221; parallax=&#8221;on&#8221; parallax_method=&#8221;off&#8221; top_divider_style=&#8221;wave&#8221; top_divider_color=&#8221;#3B5020&#8243; top_divider_height=&#8221;84px&#8221; top_divider_repeat=&#8221;1x&#8221; top_divider_height_tablet=&#8221;54px&#8221; top_divider_height_phone=&#8221;24px&#8221; top_divider_height_last_edited=&#8221;on|phone&#8221; global_colors_info=&#8221;{}&#8221;][et_pb_row custom_padding_last_edited=&#8221;on|tablet&#8221; _builder_version=&#8221;4.23.1&#8243; _module_preset=&#8221;default&#8221; custom_padding=&#8221;45px||45px|||&#8221; custom_padding_tablet=&#8221;48px||0px||false|false&#8221; custom_padding_phone=&#8221;48px||0px||false|false&#8221; global_colors_info=&#8221;{}&#8221;][et_pb_column type=&#8221;4_4&#8243; _builder_version=&#8221;4.23.1&#8243; _module_preset=&#8221;default&#8221; global_colors_info=&#8221;{}&#8221;][et_pb_text disabled_on=&#8221;on|on|off&#8221; _builder_version=&#8221;4.23.1&#8243; _module_preset=&#8221;f2181e09-e492-4731-8607-b9d5821b7197&#8243; header_text_color=&#8221;#FFFFFF&#8221; header_line_height=&#8221;0.8em&#8221; scroll_vertical_motion=&#8221;0|52|52|100|0|0|-8&#8243; hover_enabled=&#8221;0&#8243; scroll_vertical_motion_tablet=&#8221;0|50|50|100|5.5|0|-4&#8243; scroll_vertical_motion_phone=&#8221;0|50|50|100|5.5|0|-4&#8243; scroll_vertical_motion_last_edited=&#8221;on|tablet&#8221; global_colors_info=&#8221;{}&#8221; module_class=&#8221;cfgeo-hide-from-belgium&#8221; sticky_enabled=&#8221;0&#8243;]<\/p>\n<h1><span style=\"font-size: 23px;\">SUPPRIM\u00c9<br \/><\/span>MARDI<\/h1>\n<p>[\/et_pb_text][et_pb_text _builder_version=&#8221;4.23.1&#8243; _module_preset=&#8221;default&#8221; text_orientation=&#8221;center&#8221; hover_enabled=&#8221;0&#8243; global_colors_info=&#8221;{}&#8221; module_class=&#8221;cfgeo-hide-from-belgium&#8221; sticky_enabled=&#8221;0&#8243;]<\/p>\n<p class=\"translation-block\"><span style=\"font-size : large\"><strong>Am\u00e9liorateur de sol organique m\u00e9lang\u00e9. La terre de jardin fertilis\u00e9e de Funflor est sp\u00e9cialement con\u00e7ue pour la construction, l'am\u00e9lioration des structures, le nivellement, le remblayage et l'entretien des jardins et des bordures.<\/strong> Elle ameublit les sols lourds, active la vie du sol et cr\u00e9e une belle couche sup\u00e9rieure sombre.<\/span><\/p>\n<p>[\/et_pb_text][\/et_pb_column][\/et_pb_row][\/et_pb_section][et_pb_section fb_built=&#8221;1&#8243; custom_padding_last_edited=&#8221;on|tablet&#8221; next_background_color=&#8221;#3B5020&#8243; _builder_version=&#8221;4.23.1&#8243; _module_preset=&#8221;default&#8221; use_background_color_gradient=&#8221;on&#8221; background_color_gradient_stops=&#8221;rgba(255,255,255,0.9) 0%|#ffffff 100%&#8221; background_color_gradient_overlays_image=&#8221;on&#8221; background_image=&#8221;https:\/\/funflor.com\/wp-content\/uploads\/2023\/11\/Funflor_2011995089.jpg&#8221; custom_padding=&#8221;100px||167px||false|&#8221; custom_padding_tablet=&#8221;50px||137px||false|false&#8221; custom_padding_phone=&#8221;50px||137px||false|false&#8221; bottom_divider_style=&#8221;wave&#8221; bottom_divider_height=&#8221;128px&#8221; bottom_divider_height_tablet=&#8221;108px&#8221; bottom_divider_height_phone=&#8221;78px&#8221; bottom_divider_height_last_edited=&#8221;on|phone&#8221; global_colors_info=&#8221;{}&#8221;][et_pb_row column_structure=&#8221;1_2,1_2&#8243; _builder_version=&#8221;4.23.1&#8243; _module_preset=&#8221;default&#8221; hover_enabled=&#8221;0&#8243; global_colors_info=&#8221;{}&#8221; module_class=&#8221;cfgeo-hide-from-belgium&#8221; sticky_enabled=&#8221;0&#8243;][et_pb_column type=&#8221;1_2&#8243; _builder_version=&#8221;4.23.1&#8243; _module_preset=&#8221;default&#8221; global_colors_info=&#8221;{}&#8221;][et_pb_text _builder_version=&#8221;4.23.1&#8243; _module_preset=&#8221;default&#8221; locked=&#8221;off&#8221; global_colors_info=&#8221;{}&#8221;]<\/p>\n<p class=\"translation-block\"><strong>Mode d'emploi:<\/strong>Pour la construction et l'am\u00e9lioration des structures : \u00e0 l'endroit o\u00f9 vous souhaitez utiliser la Terre de jardin fertilis\u00e9e Funflor, ameublissez la couche sup\u00e9rieure d'environ 20 cm du sol existant et m\u00e9langez-y la Terre de jardin fertilis\u00e9e 50%.<\/p>\n<p><strong>Lors du nivellement et de l'\u00e9l\u00e9vation :<\/strong> Remplir les trous avec de la terre de jardin fertilis\u00e9e de Funflor.<br \/>et appuyer fermement.<\/p>\n<p class=\"translation-block\"><strong>Pour l'entretien:<\/strong> Au printemps comme \u00e0 l'automne, recouvrir le jardin ou la bordure d'une couche d'environ 2 cm de terre de jardin fertilis\u00e9e Funflor.<\/p>\n<p class=\"translation-block\">Bien agiter le contenu du sachet avant utilisation.<\/p>\n<p class=\"translation-block\"><strong>Sp\u00e9cification du produit Pays-Bas:<\/strong> Funflor Bemeste Tuinaarde est un m\u00e9lange de compost, de gazon de jardin et de fumier.<\/p>\n<p class=\"translation-block\"><strong>Sp\u00e9cification du produit Pays-Bas:<\/strong> Funflor Bemeste Tuinaarde est un m\u00e9lange de compost, de gazon de jardin et de fumier.<\/p>\n<p>[\/et_pb_text][et_pb_text _builder_version=&#8221;4.23.1&#8243; _module_preset=&#8221;default&#8221; global_colors_info=&#8221;{}&#8221;]<\/p>\n<p class=\"translation-block\"><strong>Avertissements:<\/strong><br><strong>zone de pH (eau)<\/strong> 5,5 - 7,5<br><strong>Contenu<\/strong> 25 ou 40 L<\/p>\n<p>[\/et_pb_text][\/et_pb_column][et_pb_column type=&#8221;1_2&#8243; _builder_version=&#8221;4.23.1&#8243; _module_preset=&#8221;default&#8221; global_colors_info=&#8221;{}&#8221;][et_pb_image src=&#8221;https:\/\/funflor.com\/wp-content\/uploads\/2024\/01\/Tuinaarde.png&#8221; title_text=&#8221;Tuinaarde&#8221; _builder_version=&#8221;4.23.1&#8243; _module_preset=&#8221;default&#8221; global_colors_info=&#8221;{}&#8221;][\/et_pb_image][\/et_pb_column][\/et_pb_row][\/et_pb_section]<\/p>","protected":false},"excerpt":{"rendered":"<p>BEMESTETUINAARDEGemengd organisch bodemverbeterend middel. Funflor Bemeste Tuinaarde is speciaal gemaakt voor aanleg, structuurverbetering, egaliseren, ophogen en onderhoud van tuinen en borders. Het maakt zware grond losser, activeert bodemleven en zorgt voor een mooie, donkere toplaag.Gebruiksaanwijzingen: Bij aanleg en structuurverbetering: Maak op de plaats waar u de Funflor Bemeste Tuinaarde wilt gebruiken de bovenlaag van ca. [&hellip;]<\/p>","protected":false},"author":3,"featured_media":0,"parent":72,"menu_order":0,"comment_status":"closed","ping_status":"closed","template":"","meta":{"_et_pb_use_builder":"on","_et_pb_old_content":"","_et_gb_content_width":"","footnotes":""},"class_list":["post-277","page","type-page","status-publish","hentry"],"_links":{"self":[{"href":"https:\/\/funflor.com\/fr_be\/wp-json\/wp\/v2\/pages\/277","targetHints":{"allow":["GET"]}}],"collection":[{"href":"https:\/\/funflor.com\/fr_be\/wp-json\/wp\/v2\/pages"}],"about":[{"href":"https:\/\/funflor.com\/fr_be\/wp-json\/wp\/v2\/types\/page"}],"author":[{"embeddable":true,"href":"https:\/\/funflor.com\/fr_be\/wp-json\/wp\/v2\/users\/3"}],"replies":[{"embeddable":true,"href":"https:\/\/funflor.com\/fr_be\/wp-json\/wp\/v2\/comments?post=277"}],"version-history":[{"count":14,"href":"https:\/\/funflor.com\/fr_be\/wp-json\/wp\/v2\/pages\/277\/revisions"}],"predecessor-version":[{"id":575,"href":"https:\/\/funflor.com\/fr_be\/wp-json\/wp\/v2\/pages\/277\/revisions\/575"}],"up":[{"embeddable":true,"href":"https:\/\/funflor.com\/fr_be\/wp-json\/wp\/v2\/pages\/72"}],"wp:attachment":[{"href":"https:\/\/funflor.com\/fr_be\/wp-json\/wp\/v2\/media?parent=277"}],"curies":[{"name":"wp","href":"https:\/\/api.w.org\/{rel}","templated":true}]}}