{"id":236,"date":"2024-01-12T09:43:47","date_gmt":"2024-01-12T09:43:47","guid":{"rendered":"https:\/\/funflor.com\/?page_id=236"},"modified":"2024-02-23T12:19:42","modified_gmt":"2024-02-23T12:19:42","slug":"a-action-prolongee","status":"publish","type":"page","link":"https:\/\/funflor.com\/fr_be\/produits\/a-action-prolongee\/","title":{"rendered":"Longue dur\u00e9e d'action"},"content":{"rendered":"<p>[et_pb_section fb_built=&#8221;1&#8243; custom_padding_last_edited=&#8221;on|tablet&#8221; module_class=&#8221;parahacks2&#8243; _builder_version=&#8221;4.23.1&#8243; _module_preset=&#8221;default&#8221; background_image=&#8221;https:\/\/funflor.com\/wp-content\/uploads\/2023\/11\/Langwerkend_91630094_2.jpg&#8221; parallax=&#8221;on&#8221; parallax_method=&#8221;off&#8221; custom_padding=&#8221;244px|||||&#8221; custom_padding_tablet=&#8221;30px||||false|false&#8221; custom_padding_phone=&#8221;30px||||false|false&#8221; bottom_divider_style=&#8221;wave&#8221; bottom_divider_color=&#8221;#3B5020&#8243; bottom_divider_height=&#8221;186px&#8221; bottom_divider_height_tablet=&#8221;146px&#8221; bottom_divider_height_phone=&#8221;76px&#8221; bottom_divider_height_last_edited=&#8221;on|phone&#8221; global_colors_info=&#8221;{}&#8221;][\/et_pb_section][et_pb_section fb_built=&#8221;1&#8243; _builder_version=&#8221;4.23.1&#8243; _module_preset=&#8221;default&#8221; background_image=&#8221;https:\/\/funflor.com\/wp-content\/uploads\/2023\/11\/pattern-blaadjes.jpg&#8221; parallax=&#8221;on&#8221; parallax_method=&#8221;off&#8221; top_divider_style=&#8221;wave&#8221; top_divider_color=&#8221;#3B5020&#8243; top_divider_height=&#8221;84px&#8221; top_divider_repeat=&#8221;1x&#8221; top_divider_height_tablet=&#8221;54px&#8221; top_divider_height_phone=&#8221;24px&#8221; top_divider_height_last_edited=&#8221;on|phone&#8221; global_colors_info=&#8221;{}&#8221;][et_pb_row custom_padding_last_edited=&#8221;on|tablet&#8221; _builder_version=&#8221;4.23.1&#8243; _module_preset=&#8221;default&#8221; custom_padding=&#8221;64px||45px|||&#8221; custom_padding_tablet=&#8221;48px||0px||false|false&#8221; custom_padding_phone=&#8221;48px||0px||false|false&#8221; global_colors_info=&#8221;{}&#8221;][et_pb_column type=&#8221;4_4&#8243; _builder_version=&#8221;4.23.1&#8243; _module_preset=&#8221;default&#8221; global_colors_info=&#8221;{}&#8221;][et_pb_text disabled_on=&#8221;on|on|off&#8221; _builder_version=&#8221;4.23.1&#8243; _module_preset=&#8221;f2181e09-e492-4731-8607-b9d5821b7197&#8243; header_text_color=&#8221;#FFFFFF&#8221; header_line_height=&#8221;0.8em&#8221; scroll_vertical_motion=&#8221;0|67|67|100|4|0|-4&#8243; hover_enabled=&#8221;0&#8243; scroll_vertical_motion_tablet=&#8221;0|50|50|100|5.5|0|-4&#8243; scroll_vertical_motion_phone=&#8221;0|50|50|100|5.5|0|-4&#8243; scroll_vertical_motion_last_edited=&#8221;on|tablet&#8221; global_colors_info=&#8221;{}&#8221; header_font=&#8221;|700||on|||||&#8221; sticky_enabled=&#8221;0&#8243;]<\/p>\n<h1>Longue dur\u00e9e d'action<\/h1>\n<p>[\/et_pb_text][et_pb_text _builder_version=\"4.23.1\u2033 _module_preset=\"default\" text_orientation=\"centre\" global_colors_info=\"{}\"]<span style=\"font-size: large;\"><strong>Ce terreau convient au remplissage des pots et des jardini\u00e8res, \u00e0 l'am\u00e9nagement paysager, aux potagers, aux plantes \u00e0 massif et aux pelouses.<\/strong> Pour une croissance saine de vos plantes, un engrais sp\u00e9cial a \u00e9t\u00e9 ajout\u00e9 avec des nutriments essentiels pour les 180 premiers jours.<\/span><\/p>\n<p><strong><\/strong>[\/et_pb_text][\/et_pb_column][\/et_pb_row][\/et_pb_section][et_pb_section fb_built=&#8221;1&#8243; custom_padding_last_edited=&#8221;on|tablet&#8221; next_background_color=&#8221;#3B5020&#8243; _builder_version=&#8221;4.23.1&#8243; _module_preset=&#8221;default&#8221; use_background_color_gradient=&#8221;on&#8221; background_color_gradient_stops=&#8221;rgba(255,255,255,0.9) 0%|#ffffff 100%&#8221; background_color_gradient_overlays_image=&#8221;on&#8221; background_image=&#8221;https:\/\/funflor.com\/wp-content\/uploads\/2023\/11\/Funflor_2011995089.jpg&#8221; custom_padding=&#8221;100px||167px||false|&#8221; custom_padding_tablet=&#8221;50px||137px||false|false&#8221; custom_padding_phone=&#8221;50px||137px||false|false&#8221; bottom_divider_style=&#8221;wave&#8221; bottom_divider_height=&#8221;128px&#8221; bottom_divider_height_tablet=&#8221;108px&#8221; bottom_divider_height_phone=&#8221;78px&#8221; bottom_divider_height_last_edited=&#8221;on|phone&#8221; global_colors_info=&#8221;{}&#8221;][et_pb_row column_structure=&#8221;1_2,1_2&#8243; _builder_version=&#8221;4.23.1&#8243; _module_preset=&#8221;default&#8221; global_colors_info=&#8221;{}&#8221;][et_pb_column type=&#8221;1_2&#8243; _builder_version=&#8221;4.23.1&#8243; _module_preset=&#8221;default&#8221; global_colors_info=&#8221;{}&#8221;][et_pb_text _builder_version=&#8221;4.23.1&#8243; _module_preset=&#8221;default&#8221; custom_padding=&#8221;|||15px||&#8221; global_colors_info=&#8221;{}&#8221;]<\/p>\n<p><strong>Mode d'emploi :<\/strong><\/p>\n<ul>\n<li>Lorsque vous rempotez ou rempotez, assurez-vous toujours que le pot ou le r\u00e9cipient est propre.<\/li>\n<li>Placez une couche drainante de granul\u00e9s hydro au fond du pot ou du r\u00e9cipient.<\/li>\n<li>Remplissez le pot ou le r\u00e9cipient avec du terreau Funflor et placez la plante \u00e0 l'int\u00e9rieur.<\/li>\n<li>Recouvrir les c\u00f4t\u00e9s avec du terreau Funflor et presser l\u00e9g\u00e8rement.<\/li>\n<li>Verser suffisamment d'eau.<\/li>\n<li>Contient des \u00e9l\u00e9ments nutritifs pour 180 jours.<\/li>\n<\/ul>\n<p>[\/et_pb_text][et_pb_text _builder_version=&#8221;4.23.1&#8243; _module_preset=&#8221;default&#8221; global_colors_info=&#8221;{}&#8221;]Voor zuurminnende planten Funflor\u00ae potgrond Hortensia, Rhodo &amp; Heide gebruiken! Bij aanplant in volle grond: meng 50% potgrond door de volle grond.<\/p>\n<p><strong>Conseil !<\/strong> Bien agiter le contenu du sachet avant utilisation. <strong>Conseils de conservation :<\/strong> Conserver dans un endroit frais et sec. Conserver le sac ouvert, ferm\u00e9.<\/p>\n<p><strong>Garantie Belgique :<\/strong><br \/>\nTeeltsubstraat: Potgrond op basis van tuinturf, gecomposteerde naaldhoutschors, turfstrooisel, ge\u00ebxtrudeerde houtvezel, kokosderivaat (kokosvezel), perliet, meststoffen op basis van calcium en magnesium, gecoate samengestelde meststof NPK en samengestelde meststof NPK.[\/et_pb_text][et_pb_text _builder_version=&#8221;4.23.1&#8243; _module_preset=&#8221;default&#8221; global_colors_info=&#8221;{}&#8221;]<\/p>\n<p><strong>Garanties :<\/strong><br \/><strong>Tissu sec<\/strong> 25%<br \/><strong>Mati\u00e8re organique<\/strong> 20%<br \/><strong>Zone de pH (eau)<\/strong> 5,0 - 6,5<br \/><strong>Conductivit\u00e9 \u00e9lectrique (CE)<\/strong> 500 \u03bcS\/cm<br \/><strong>Engrais compos\u00e9 enrob\u00e9 NPK (15-7-15)<\/strong> 2,0 kg\/m\u00b3<br \/><strong>Engrais compos\u00e9 NPK (14-16-18)<\/strong> 0,5 kg\/m\u00b3<br \/><b>Contenu<\/b> 10, 20 ou 40 L<\/p>\n<p>[\/et_pb_text][\/et_pb_column][et_pb_column type=&#8221;1_2&#8243; _builder_version=&#8221;4.23.1&#8243; _module_preset=&#8221;default&#8221; global_colors_info=&#8221;{}&#8221;][et_pb_image src=&#8221;https:\/\/funflor.com\/wp-content\/uploads\/2024\/01\/Potgrond-Langwerkend.png&#8221; title_text=&#8221;Potgrond Langwerkend&#8221; _builder_version=&#8221;4.23.1&#8243; _module_preset=&#8221;default&#8221; global_colors_info=&#8221;{}&#8221;][\/et_pb_image][\/et_pb_column][\/et_pb_row][\/et_pb_section]<\/p>","protected":false},"excerpt":{"rendered":"<p>LangwerkendDeze potgrond is geschikt voor het vullen van potten en bloembakken, tuinaanleg, moestuinen, perkplanten en gazons. Voor gezonde groei van je planten is er een speciale meststof toegevoegd met essenti\u00eble voedingsstoffen voor de eerste 180 dagen. Gebruiksaanwijzing: Bij potten of verpotten zorg altijd voor een schone pot of bak. Leg een drainagelaag van hydrokorrels onder [&hellip;]<\/p>","protected":false},"author":3,"featured_media":0,"parent":72,"menu_order":0,"comment_status":"closed","ping_status":"closed","template":"","meta":{"_et_pb_use_builder":"on","_et_pb_old_content":"","_et_gb_content_width":"","footnotes":""},"class_list":["post-236","page","type-page","status-publish","hentry"],"_links":{"self":[{"href":"https:\/\/funflor.com\/fr_be\/wp-json\/wp\/v2\/pages\/236","targetHints":{"allow":["GET"]}}],"collection":[{"href":"https:\/\/funflor.com\/fr_be\/wp-json\/wp\/v2\/pages"}],"about":[{"href":"https:\/\/funflor.com\/fr_be\/wp-json\/wp\/v2\/types\/page"}],"author":[{"embeddable":true,"href":"https:\/\/funflor.com\/fr_be\/wp-json\/wp\/v2\/users\/3"}],"replies":[{"embeddable":true,"href":"https:\/\/funflor.com\/fr_be\/wp-json\/wp\/v2\/comments?post=236"}],"version-history":[{"count":14,"href":"https:\/\/funflor.com\/fr_be\/wp-json\/wp\/v2\/pages\/236\/revisions"}],"predecessor-version":[{"id":431,"href":"https:\/\/funflor.com\/fr_be\/wp-json\/wp\/v2\/pages\/236\/revisions\/431"}],"up":[{"embeddable":true,"href":"https:\/\/funflor.com\/fr_be\/wp-json\/wp\/v2\/pages\/72"}],"wp:attachment":[{"href":"https:\/\/funflor.com\/fr_be\/wp-json\/wp\/v2\/media?parent=236"}],"curies":[{"name":"wp","href":"https:\/\/api.w.org\/{rel}","templated":true}]}}