{"id":101,"date":"2023-11-10T12:56:29","date_gmt":"2023-11-10T12:56:29","guid":{"rendered":"https:\/\/funflor.com\/?page_id=101"},"modified":"2025-11-20T08:08:45","modified_gmt":"2025-11-20T08:08:45","slug":"a-propos-de-funflor","status":"publish","type":"page","link":"https:\/\/funflor.com\/fr_be\/a-propos-de-funflor\/","title":{"rendered":"\u00c0 propos de Funflor"},"content":{"rendered":"<p>[et_pb_section fb_built=&#8221;1&#8243; module_class=&#8221;parahacks2&#8243; _builder_version=&#8221;4.23.1&#8243; _module_preset=&#8221;default&#8221; background_image=&#8221;https:\/\/funflor.com\/wp-content\/uploads\/2025\/11\/Over-Funflor_Kinderen.jpg&#8221; custom_padding=&#8221;368px|||||&#8221; bottom_divider_style=&#8221;wave&#8221; bottom_divider_color=&#8221;#3B5020&#8243; bottom_divider_height=&#8221;186px&#8221; bottom_divider_height_tablet=&#8221;120px&#8221; bottom_divider_height_phone=&#8221;40px&#8221; bottom_divider_height_last_edited=&#8221;on|phone&#8221; hover_enabled=&#8221;0&#8243; global_colors_info=&#8221;{}&#8221; title_text=&#8221;Two,Young,Girls,Smelling,Flowers,In,A,Garden.,Two,Little&#8221; sticky_enabled=&#8221;0&#8243; height=&#8221;550px&#8221;][\/et_pb_section][et_pb_section fb_built=&#8221;1&#8243; _builder_version=&#8221;4.23.1&#8243; _module_preset=&#8221;default&#8221; background_image=&#8221;https:\/\/funflor.com\/wp-content\/uploads\/2023\/11\/pattern-blaadjes.jpg&#8221; parallax=&#8221;on&#8221; parallax_method=&#8221;off&#8221; top_divider_style=&#8221;wave&#8221; top_divider_color=&#8221;#3B5020&#8243; top_divider_height=&#8221;84px&#8221; top_divider_repeat=&#8221;1x&#8221; hover_enabled=&#8221;0&#8243; global_colors_info=&#8221;{}&#8221; sticky_enabled=&#8221;0&#8243;][et_pb_row _builder_version=&#8221;4.23.1&#8243; _module_preset=&#8221;default&#8221; custom_padding=&#8221;61px||45px|||&#8221; global_colors_info=&#8221;{}&#8221;][et_pb_column type=&#8221;4_4&#8243; _builder_version=&#8221;4.23.1&#8243; _module_preset=&#8221;default&#8221; global_colors_info=&#8221;{}&#8221;][et_pb_text _builder_version=&#8221;4.23.1&#8243; _module_preset=&#8221;f2181e09-e492-4731-8607-b9d5821b7197&#8243; header_text_color=&#8221;#FFFFFF&#8221; scroll_vertical_motion=&#8221;0|50|50|100|5.5|0|-4&#8243; global_colors_info=&#8221;{}&#8221;]<\/p>\n<h1>Funflor fait<br \/><span style=\"color: #ffffff;\">le jardinage, un plaisir<\/span><\/h1>\n<p>[\/et_pb_text][et_pb_text _builder_version=\"4.23.1\u2033 _module_preset=\"default\" text_orientation=\"centre\" global_colors_info=\"{}\"]<\/p>\n<p><span style=\"font-size: large;\"><strong>Le plaisir du jardinage, c'est de voir les plantes pousser et s'\u00e9panouir en beaut\u00e9 et en bonne sant\u00e9<\/strong>. Mais en tant que jardinier \"maison, jardin et cuisine\", vous n'avez g\u00e9n\u00e9ralement pas beaucoup de connaissances. Quel est le meilleur produit pour le sol de votre jardin ? Funflor vous facilite la t\u00e2che. Car chaque jardin et chaque plante m\u00e9ritent le meilleur sol. Apr\u00e8s tout, c'est la base.<\/span><\/p>\n<p><strong><\/strong><\/p>\n<p><span style=\"color: #ffffff;\"><strong>Nous vous aidons \u00e0 choisir facilement le bon terreau, l'amendement du sol et la couverture v\u00e9g\u00e9tale.<\/strong><strong>.<\/strong><\/span> <strong>D'une qualit\u00e9 tout simplement excellente \u00e0 un prix raisonnable. Vous pourrez ainsi bient\u00f4t profiter d'un jardin luxuriant et de belles plantes d'int\u00e9rieur. C'est pourquoi nous vous disons : rendez service \u00e0 votre jardin. Et \u00e0 vous aussi !<\/strong><\/p>\n<p>[\/et_pb_text][\/et_pb_column][\/et_pb_row][\/et_pb_section][et_pb_section fb_built=&#8221;1&#8243; _builder_version=&#8221;4.23.1&#8243; _module_preset=&#8221;default&#8221; use_background_color_gradient=&#8221;on&#8221; background_color_gradient_stops=&#8221;rgba(255,255,255,0.9) 0%|rgba(255,255,255,0.8) 100%&#8221; background_color_gradient_overlays_image=&#8221;on&#8221; background_image=&#8221;https:\/\/funflor.com\/wp-content\/uploads\/2023\/11\/moeder-dochter-tuin-scaled.jpg&#8221; custom_padding=&#8221;110px||110px||true|&#8221; global_colors_info=&#8221;{}&#8221;][et_pb_row _builder_version=&#8221;4.23.1&#8243; _module_preset=&#8221;default&#8221; global_colors_info=&#8221;{}&#8221;][et_pb_column type=&#8221;4_4&#8243; _builder_version=&#8221;4.23.1&#8243; _module_preset=&#8221;default&#8221; global_colors_info=&#8221;{}&#8221;][et_pb_text _builder_version=&#8221;4.23.1&#8243; _module_preset=&#8221;default&#8221; text_orientation=&#8221;center&#8221; global_colors_info=&#8221;{}&#8221;]<\/p>\n<h2>Nos promesses<\/h2>\n<p>[\/et_pb_text][\/et_pb_column][\/et_pb_row][et_pb_row _builder_version=&#8221;4.23.1&#8243; _module_preset=&#8221;default&#8221; global_colors_info=&#8221;{}&#8221;][et_pb_column type=&#8221;4_4&#8243; _builder_version=&#8221;4.23.1&#8243; _module_preset=&#8221;default&#8221; global_colors_info=&#8221;{}&#8221;][et_pb_text _builder_version=&#8221;4.23.1&#8243; _module_preset=&#8221;default&#8221; header_3_font=&#8221;Shadows Into Light Two|600|||||||&#8221; header_3_letter_spacing=&#8221;1px&#8221; text_orientation=&#8221;center&#8221; header_3_font_size_tablet=&#8221;30px&#8221; header_3_font_size_phone=&#8221;20px&#8221; header_3_font_size_last_edited=&#8221;on|phone&#8221; global_colors_info=&#8221;{}&#8221;]<\/p>\n<h3>Chez Funflor, la qualit\u00e9 prime<\/h3>\n<p>Nous s\u00e9lectionnons soigneusement les meilleures mati\u00e8res premi\u00e8res pour nos solutions durables, efficaces et abordables. Dans ce domaine, nous continuons \u00e0 nous am\u00e9liorer en permanence.<\/p>\n<p>[\/et_pb_text][et_pb_text _builder_version=&#8221;4.23.1&#8243; _module_preset=&#8221;default&#8221; header_3_font=&#8221;Shadows Into Light Two|600|||||||&#8221; header_3_letter_spacing=&#8221;1px&#8221; text_orientation=&#8221;center&#8221; header_3_font_size_tablet=&#8221;30px&#8221; header_3_font_size_phone=&#8221;20px&#8221; header_3_font_size_last_edited=&#8221;on|phone&#8221; global_colors_info=&#8221;{}&#8221;]<\/p>\n<h3>Nous d\u00e9veloppons nos produits pour le plaisir du jardin<\/h3>\n<p>Funflor mise sur la simplicit\u00e9. Il n'y a donc pas un produit diff\u00e9rent pour chaque type de plante, mais des produits simplement bons et largement utilisables. Vous pouvez facilement choisir le bon produit. Tr\u00e8s facile, m\u00eame si vous n'avez pas la main verte.<\/p>\n<p>[\/et_pb_text][et_pb_text _builder_version=&#8221;4.23.1&#8243; _module_preset=&#8221;default&#8221; header_3_font=&#8221;Shadows Into Light Two|600|||||||&#8221; header_3_letter_spacing=&#8221;1px&#8221; text_orientation=&#8221;center&#8221; header_3_font_size_tablet=&#8221;30px&#8221; header_3_font_size_phone=&#8221;20px&#8221; header_3_font_size_last_edited=&#8221;on|phone&#8221; global_colors_info=&#8221;{}&#8221;]<\/p>\n<h3>Funflor prouve que les plaisirs du jardin ne doivent pas n\u00e9cessairement \u00eatre co\u00fbteux<\/h3>\n<p>Nous proposons des prix justes sans faire de compromis sur la qualit\u00e9. Funflor est donc aussi un plaisir pour votre portefeuille.<\/p>\n<p>[\/et_pb_text][et_pb_text _builder_version=&#8221;4.23.1&#8243; _module_preset=&#8221;default&#8221; header_3_font=&#8221;Shadows Into Light Two|600|||||||&#8221; header_3_letter_spacing=&#8221;1px&#8221; text_orientation=&#8221;center&#8221; header_3_font_size_tablet=&#8221;30px&#8221; header_3_font_size_phone=&#8221;20px&#8221; header_3_font_size_last_edited=&#8221;on|phone&#8221; global_colors_info=&#8221;{}&#8221;]<\/p>\n<h3>Nous fabriquons nos produits dans le respect de l'environnement<\/h3>\n<p>[\/et_pb_text][\/et_pb_column][\/et_pb_row][\/et_pb_section][et_pb_section fb_built=&#8221;1&#8243; _builder_version=&#8221;4.23.1&#8243; _module_preset=&#8221;default&#8221; background_image=&#8221;https:\/\/funflor.com\/wp-content\/uploads\/2023\/11\/pattern-blaadjes.jpg&#8221; parallax=&#8221;on&#8221; parallax_method=&#8221;off&#8221; custom_padding=&#8221;||140px|||&#8221; top_divider_color=&#8221;#3B5020&#8243; top_divider_height=&#8221;84px&#8221; top_divider_repeat=&#8221;1x&#8221; bottom_divider_style=&#8221;wave&#8221; bottom_divider_color=&#8221;#3B5020&#8243; bottom_divider_height=&#8221;71px&#8221; locked=&#8221;off&#8221; global_colors_info=&#8221;{}&#8221;][et_pb_row _builder_version=&#8221;4.23.1&#8243; _module_preset=&#8221;default&#8221; custom_padding=&#8221;80px||6px|||&#8221; global_colors_info=&#8221;{}&#8221;][et_pb_column type=&#8221;4_4&#8243; _builder_version=&#8221;4.23.1&#8243; _module_preset=&#8221;default&#8221; global_colors_info=&#8221;{}&#8221;][et_pb_text _builder_version=&#8221;4.23.1&#8243; _module_preset=&#8221;default&#8221; text_orientation=&#8221;center&#8221; global_colors_info=&#8221;{}&#8221;]<\/p>\n<h2>Funflor est une marque de VACQ<\/h2>\n<p>Funflor fait partie de VACQ. Fond\u00e9 en 1994, ce sp\u00e9cialiste des sols de jardin produit une large gamme de solutions pour les consommateurs et les professionnels. <strong>Outre Funflor, VACQ commercialise \u00e9galement depuis plusieurs ann\u00e9es la gamme biologique et \u00e9cologique Humuforte.<\/strong><\/p>\n<p>[\/et_pb_text][\/et_pb_column][\/et_pb_row][et_pb_row column_structure=&#8221;1_4,1_4,1_4,1_4&#8243; _builder_version=&#8221;4.23.1&#8243; _module_preset=&#8221;default&#8221; custom_padding=&#8221;21px|||||&#8221; global_colors_info=&#8221;{}&#8221;][et_pb_column type=&#8221;1_4&#8243; _builder_version=&#8221;4.23.1&#8243; _module_preset=&#8221;default&#8221; global_colors_info=&#8221;{}&#8221;][\/et_pb_column][et_pb_column type=&#8221;1_4&#8243; _builder_version=&#8221;4.23.1&#8243; _module_preset=&#8221;default&#8221; global_colors_info=&#8221;{}&#8221;][et_pb_image src=&#8221;https:\/\/funflor.com\/wp-content\/uploads\/2023\/11\/Logo_Funflor_fc.png&#8221; title_text=&#8221;Logo_Funflor_fc&#8221; _builder_version=&#8221;4.23.1&#8243; _module_preset=&#8221;default&#8221; global_colors_info=&#8221;{}&#8221;][\/et_pb_image][\/et_pb_column][et_pb_column type=&#8221;1_4&#8243; _builder_version=&#8221;4.23.1&#8243; _module_preset=&#8221;default&#8221; global_colors_info=&#8221;{}&#8221;][et_pb_image src=&#8221;https:\/\/funflor.com\/wp-content\/uploads\/2023\/11\/Logo_Vacq_fc_2.png&#8221; title_text=&#8221;Logo_Vacq_fc_2&#8243; _builder_version=&#8221;4.23.1&#8243; _module_preset=&#8221;default&#8221; global_colors_info=&#8221;{}&#8221;][\/et_pb_image][\/et_pb_column][et_pb_column type=&#8221;1_4&#8243; _builder_version=&#8221;4.23.1&#8243; _module_preset=&#8221;default&#8221; global_colors_info=&#8221;{}&#8221;][\/et_pb_column][\/et_pb_row][\/et_pb_section]<\/p>","protected":false},"excerpt":{"rendered":"<p>Funflor maakt vantuinieren een plezierHet leuke van tuinieren is vooral dat je planten mooi en gezond ziet groeien en bloeien. Maar als \u2018huis, tuin en keuken\u2019 tuinier heb je meestal niet veel kennis. Welk product kun jij het beste kiezen voor de bodem in jouw tuin? Funflor maakt het je makkelijk. Want iedere tuin en [&hellip;]<\/p>","protected":false},"author":3,"featured_media":0,"parent":0,"menu_order":0,"comment_status":"closed","ping_status":"closed","template":"","meta":{"_et_pb_use_builder":"on","_et_pb_old_content":"","_et_gb_content_width":"","footnotes":""},"class_list":["post-101","page","type-page","status-publish","hentry"],"_links":{"self":[{"href":"https:\/\/funflor.com\/fr_be\/wp-json\/wp\/v2\/pages\/101","targetHints":{"allow":["GET"]}}],"collection":[{"href":"https:\/\/funflor.com\/fr_be\/wp-json\/wp\/v2\/pages"}],"about":[{"href":"https:\/\/funflor.com\/fr_be\/wp-json\/wp\/v2\/types\/page"}],"author":[{"embeddable":true,"href":"https:\/\/funflor.com\/fr_be\/wp-json\/wp\/v2\/users\/3"}],"replies":[{"embeddable":true,"href":"https:\/\/funflor.com\/fr_be\/wp-json\/wp\/v2\/comments?post=101"}],"version-history":[{"count":31,"href":"https:\/\/funflor.com\/fr_be\/wp-json\/wp\/v2\/pages\/101\/revisions"}],"predecessor-version":[{"id":618,"href":"https:\/\/funflor.com\/fr_be\/wp-json\/wp\/v2\/pages\/101\/revisions\/618"}],"wp:attachment":[{"href":"https:\/\/funflor.com\/fr_be\/wp-json\/wp\/v2\/media?parent=101"}],"curies":[{"name":"wp","href":"https:\/\/api.w.org\/{rel}","templated":true}]}}