{"id":331,"date":"2024-02-16T11:46:39","date_gmt":"2024-02-16T11:46:39","guid":{"rendered":"https:\/\/funflor.com\/?page_id=331"},"modified":"2024-02-23T11:13:33","modified_gmt":"2024-02-23T11:13:33","slug":"granules-hydroelectriques","status":"publish","type":"page","link":"https:\/\/funflor.com\/fr\/produits\/granules-hydroelectriques\/","title":{"rendered":"Grains hydro\u00e9lectriques"},"content":{"rendered":"<p>[et_pb_section fb_built=\"1\u2033 custom_padding_last_edited=\"on|tablet\" module_class=\"parahacks2\u2033 _builder_version=\"4.23.1\u2033 _module_preset=\"default\" background_image=\"https:\/\/funflor.com\/wp-content\/uploads\/2024\/02\/Hydrokorrels_header.jpg\" parallax=\"on\" parallax_method=\"off\" custom_padding=\"244px|||||\" custom_padding_tablet=\"30px||||false|false\" custom_padding_phone=\"30px||||false|false\" bottom_divider_style=\"wave\" bottom_divider_colour=\"#3B5020\u2033. bottom_divider_height=\"186px\" bottom_divider_height_tablet=\"146px\" bottom_divider_height_phone=\"76px\" bottom_divider_height_last_edited=\"on|phone\" global_colors_info=\"{}\"][\/et_pb_section][et_pb_section fb_built=\"1\u2033 _builder_version=\"4.23.1\u2033 _module_preset=\"default\" background_image=\"https:\/\/funflor.com\/wp-content\/uploads\/2023\/11\/pattern-blaadjes.jpg\" parallax=\"on\" parallax_method=\"off\" top_divider_style=\"wave\" top_divider_colour=\"#3B5020\u2033 top_divider_height=\"84px\" top_divider_repeat=\"1x\" top_divider_height_tablet=\"54px\" top_divider_height_phone=\"24px\" top_divider_height_last_edited=\"on|phone\" global_colors_info=\"{}\"][et_pb_row custom_padding_last_edited=\"on|tablet\" _builder_version=\"4.23.1\u2033 _module_preset=\"default\" custom_padding=\"64px||45px|||\" custom_padding_tablet=\"48px||0px|false|false\" custom_padding_phone=\"48px||0px|||false|false\" global_colors_info=\"{}\"][et_pb_column type=\"4_4\u2033 _builder_version=\"4.23.1\u2033 _module_preset=\"default\" global_colors_info=\"{}\"][et_pb_text disabled_on=\"on|on|off\" _builder_version=\"4.23.1\u2033 _module_preset=\u201df2181e09-e492-4731-8607-b9d5821b7197\u2033 header_text_color=\u201d#FFFFFF\u201d scroll_vertical_motion=\u201d0|67|67|100|4|0|-4\u2033 scroll_vertical_motion_tablet=\u201d0|50|50|100|5.5|0|-4\u2033 scroll_vertical_motion_phone=\"0|50|50|100|5.5|0|-4\u2033 scroll_vertical_motion_last_edited=\"on|tablet\" global_colors_info=\"{}\"]<\/p>\n<h1>BILLES D\u2019ARGILE<\/h1>\n<p>[\/et_pb_text][et_pb_text _builder_version=\"4.23.1\u2033 _module_preset=\"default\" text_orientation=\"centre\" global_colors_info=\"{}\"]<span style=\"font-size: large;\"><strong>Les Billes d\u2019argile Funflor, ou hydro granules, sont id\u00e9aux pour \u00eatre\nutilis\u00e9s comme couche de base dans les jardini\u00e8res et les pots de\nfleurs<\/strong>. La plante est ensuite plac\u00e9e par-dessus, dans le bon terreau.\nCela donne aux racines quelque chose \u00e0 quoi s'accrocher et assure un\nbon drainage. Ils conviennent \u00e9galement comme mat\u00e9riau de rev\u00eatement\nd\u00e9coratif pour l'int\u00e9rieur et l'ext\u00e9rieur.<\/span>[\/et_pb_text][\/et_pb_column][\/et_pb_row][\/et_pb_section][et_pb_section fb_built=\"1\u2033 custom_padding_last_edited=\"on|tablet\" next_background_colour=\"#3B5020\u2033 _builder_version=\"4.23.1\u2033 _module_preset=\"default\" use_background_color_gradient=\"on\" background_color_gradient_stops=\"rgba(255,255,255,0.9) 0%|#ffff 100%\" background_color_gradient_overlays_image=\"on\" background_image=\"https:\/\/funflor.com\/wp-content\/uploads\/2023\/11\/Funflor_2011995089.jpg\" custom_padding=\"100px||167px||false|\" custom_padding_tablet=\"50px||137px||false|false\" custom_padding_phone=\"50px||137px||false|false\" bottom_divider_style=\"wave\" bottom_divider_height=\"128px\" bottom_divider_height_tablet=\"108px\" bottom_divider_height_phone=\"78px\" bottom_divider_height_last_edited=\"on|phone\" global_colors_info=\"{}\"][et_pb_row column_structure=\"1_2,1_2\u2033 _builder_version=\"4.23.1\u2033 _module_preset=\"default\" global_colors_info=\"{}\"][et_pb_column type=\"1_2\u2033 _builder_version=\"4.23.1\u2033 _module_preset=\"default\" global_colors_info=\"{}\"][et_pb_text _builder_version=\"4.23.1\u2033 _module_preset=\"default\" custom_padding=\"|||15px||\" global_colors_info=\"{}\"]<strong>Mode d'emploi :<\/strong><\/p>\n<ul>\n<li>Remplissez le bac avec Funflor billes d\u2019argile avec au moins 5 cm.<\/li>\n<li>Mettez un peu de terreau.<\/li>\n<li>Mettez la plante dans le bac.<\/li>\n<li>Remplissez le reste avec du terreau.<\/li>\n<li>Pressez le tout et versez suffisamment d'eau.<\/li>\n<\/ul>\n<p>[\/et_pb_text][et_pb_text _builder_version=\"4.23.1\u2033 _module_preset=\"default\" locked=\"off\" global_colors_info=\"{}\"]<strong>D\u00e9coration :<\/strong><br \/>\nRecouvrez le plat ou le pot d'une couche de granul\u00e9s hydro.\"[\/et_pb_text][et_pb_text _builder_version=\"4.23.1\u2033 _module_preset=\"default\" custom_padding=\"|||15px||\" global_colors_info=\"{}\"]<strong>Hydroculture :<\/strong><\/p>\n<ul>\n<li>Prenez la plante du pot , les nettoyer pour enlever le restant de\nterreau sur les racines.<\/li>\n<li>Remplissez 1\/3 du pot ou bac avec Funflor billes d\u2019argile.<\/li>\n<li>Mettez la plante dans le pot et remplissez le avec les billes d\u2019argile.<\/li>\n<li>Remplissez le avec de l\u2019eau \u00e0 temp\u00e9rature mod\u00e9r\u00e9e.<\/li>\n<\/ul>\n<p>[\/et_pb_text][et_pb_text _builder_version=\"4.23.1\u2033 _module_preset=\"default\" locked=\"off\" global_colors_info=\"{}\"]<strong>Conseil!<\/strong> Billes d\u2019argile ne contiennent pas d\u2019\u00e9l\u00e9ments nutritifs alors utiliser\nr\u00e9guli\u00e8rement un engrais.<\/p>\n<p><strong>Garanties Belgique :<\/strong><br \/>\nGrains d'argile pure cuits et lav\u00e9s[\/et_pb_text][et_pb_text _builder_version=\"4.23.1\u2033 _module_preset=\"default\" locked=\"off\" global_colors_info=\"{}\"]<\/p>\n<p><strong>Granulom\u00e9trie<\/strong> 8-16 mm<strong><br \/><\/strong><strong>Masse nette <\/strong>\u00a016 kg<br \/><strong>Volume<\/strong>\u00a040 L<\/p>\n<p>[\/et_pb_text][\/et_pb_column][et_pb_column type=\"1_2\u2033 _builder_version=\"4.23.1\u2033 _module_preset=\"default\" global_colors_info=\"{}\"][et_pb_image src=\"https:\/\/funflor.com\/wp-content\/uploads\/2024\/02\/3D_Funflor_Hydrokorrels.png\" title_text=\"3D_Funflor_Hydrokorrels\" _builder_version=\"4.23.1\u2033 _module_preset=\"default\" global_colors_info=\"{}\"][\/et_pb_image][\/et_pb_column][\/et_pb_row][\/et_pb_section]<\/p>","protected":false},"excerpt":{"rendered":"<p>HYDROKORRELSLes hydro grains ou billes d'argile de Funflor sont id\u00e9ales comme sous-couche dans les jardini\u00e8res et les pots de fleurs. Une couche de terreau ad\u00e9quat est ensuite plac\u00e9e sur cette couche, dans laquelle la plante est plac\u00e9e. Cela permet aux racines de se d\u00e9velopper et assure un bon drainage. En outre, ces hydro grains conviennent \u00e9galement comme mat\u00e9riau de couverture d\u00e9coratif et hydroponique pour l'int\u00e9rieur et l'ext\u00e9rieur.Mode d'emploi : [...]<\/p>","protected":false},"author":3,"featured_media":0,"parent":72,"menu_order":0,"comment_status":"closed","ping_status":"closed","template":"","meta":{"_et_pb_use_builder":"on","_et_pb_old_content":"","_et_gb_content_width":"","footnotes":""},"class_list":["post-331","page","type-page","status-publish","hentry"],"_links":{"self":[{"href":"https:\/\/funflor.com\/fr\/wp-json\/wp\/v2\/pages\/331","targetHints":{"allow":["GET"]}}],"collection":[{"href":"https:\/\/funflor.com\/fr\/wp-json\/wp\/v2\/pages"}],"about":[{"href":"https:\/\/funflor.com\/fr\/wp-json\/wp\/v2\/types\/page"}],"author":[{"embeddable":true,"href":"https:\/\/funflor.com\/fr\/wp-json\/wp\/v2\/users\/3"}],"replies":[{"embeddable":true,"href":"https:\/\/funflor.com\/fr\/wp-json\/wp\/v2\/comments?post=331"}],"version-history":[{"count":5,"href":"https:\/\/funflor.com\/fr\/wp-json\/wp\/v2\/pages\/331\/revisions"}],"predecessor-version":[{"id":408,"href":"https:\/\/funflor.com\/fr\/wp-json\/wp\/v2\/pages\/331\/revisions\/408"}],"up":[{"embeddable":true,"href":"https:\/\/funflor.com\/fr\/wp-json\/wp\/v2\/pages\/72"}],"wp:attachment":[{"href":"https:\/\/funflor.com\/fr\/wp-json\/wp\/v2\/media?parent=331"}],"curies":[{"name":"wp","href":"https:\/\/api.w.org\/{rel}","templated":true}]}}