{"id":301,"date":"2024-01-12T14:46:22","date_gmt":"2024-01-12T14:46:22","guid":{"rendered":"https:\/\/funflor.com\/?page_id=301"},"modified":"2024-02-23T12:18:46","modified_gmt":"2024-02-23T12:18:46","slug":"ecorce-deco","status":"publish","type":"page","link":"https:\/\/funflor.com\/fr\/produits\/ecorce-deco\/","title":{"rendered":"Deco Schors"},"content":{"rendered":"<p>[et_pb_section fb_built=&#8221;1&#8243; custom_padding_last_edited=&#8221;on|tablet&#8221; module_class=&#8221;parahacks2&#8243; _builder_version=&#8221;4.23.1&#8243; _module_preset=&#8221;default&#8221; background_image=&#8221;https:\/\/funflor.com\/wp-content\/uploads\/2023\/11\/Deco_195161180.jpg&#8221; parallax=&#8221;on&#8221; parallax_method=&#8221;off&#8221; custom_padding=&#8221;244px|||||&#8221; custom_padding_tablet=&#8221;30px||||false|false&#8221; custom_padding_phone=&#8221;30px||||false|false&#8221; bottom_divider_style=&#8221;wave&#8221; bottom_divider_color=&#8221;#3B5020&#8243; bottom_divider_height=&#8221;186px&#8221; bottom_divider_height_tablet=&#8221;146px&#8221; bottom_divider_height_phone=&#8221;76px&#8221; bottom_divider_height_last_edited=&#8221;on|phone&#8221; global_colors_info=&#8221;{}&#8221;][\/et_pb_section][et_pb_section fb_built=&#8221;1&#8243; _builder_version=&#8221;4.23.1&#8243; _module_preset=&#8221;default&#8221; background_image=&#8221;https:\/\/funflor.com\/wp-content\/uploads\/2023\/11\/pattern-blaadjes.jpg&#8221; parallax=&#8221;on&#8221; parallax_method=&#8221;off&#8221; top_divider_style=&#8221;wave&#8221; top_divider_color=&#8221;#3B5020&#8243; top_divider_height=&#8221;84px&#8221; top_divider_repeat=&#8221;1x&#8221; top_divider_height_tablet=&#8221;54px&#8221; top_divider_height_phone=&#8221;24px&#8221; top_divider_height_last_edited=&#8221;on|phone&#8221; global_colors_info=&#8221;{}&#8221;][et_pb_row custom_padding_last_edited=&#8221;on|tablet&#8221; _builder_version=&#8221;4.23.1&#8243; _module_preset=&#8221;default&#8221; custom_padding=&#8221;63px||45px|||&#8221; custom_padding_tablet=&#8221;48px||0px||false|false&#8221; custom_padding_phone=&#8221;48px||0px||false|false&#8221; global_colors_info=&#8221;{}&#8221;][et_pb_column type=&#8221;4_4&#8243; _builder_version=&#8221;4.23.1&#8243; _module_preset=&#8221;default&#8221; global_colors_info=&#8221;{}&#8221;][et_pb_text disabled_on=&#8221;on|on|off&#8221; _builder_version=&#8221;4.23.1&#8243; _module_preset=&#8221;f2181e09-e492-4731-8607-b9d5821b7197&#8243; header_text_color=&#8221;#FFFFFF&#8221; scroll_vertical_motion=&#8221;0|67|67|100|4|0|-4&#8243; scroll_vertical_motion_tablet=&#8221;0|50|50|100|5.5|0|-4&#8243; scroll_vertical_motion_phone=&#8221;0|50|50|100|5.5|0|-4&#8243; scroll_vertical_motion_last_edited=&#8221;on|tablet&#8221; global_colors_info=&#8221;{}&#8221;]<\/p>\n<h1>\u00c9CORCES D\u00c9CO 20-45<\/h1>\n<p>[\/et_pb_text][et_pb_text _builder_version=\"4.23.1\u2033 _module_preset=\"default\" text_orientation=\"centre\" global_colors_info=\"{}\"]<\/p>\n<p><span style=\"font-size: large;\"><strong>DECO Bark est un produit 100% naturel d\u00e9riv\u00e9 de l'\u00e9corce de pin.<\/strong> Il pr\u00e9sente une belle couleur rouge-brun et une texture dure et ferme, qui a l'avantage d'\u00eatre durable.<\/span><\/p>\n<p>[\/et_pb_text][\/et_pb_column][\/et_pb_row][\/et_pb_section][et_pb_section fb_built=&#8221;1&#8243; custom_padding_last_edited=&#8221;on|tablet&#8221; next_background_color=&#8221;#3B5020&#8243; _builder_version=&#8221;4.23.1&#8243; _module_preset=&#8221;default&#8221; use_background_color_gradient=&#8221;on&#8221; background_color_gradient_stops=&#8221;rgba(255,255,255,0.9) 0%|#ffffff 100%&#8221; background_color_gradient_overlays_image=&#8221;on&#8221; background_image=&#8221;https:\/\/funflor.com\/wp-content\/uploads\/2023\/11\/Funflor_2011995089.jpg&#8221; custom_padding=&#8221;100px||167px||false|&#8221; custom_padding_tablet=&#8221;50px||137px||false|false&#8221; custom_padding_phone=&#8221;50px||137px||false|false&#8221; bottom_divider_style=&#8221;wave&#8221; bottom_divider_height=&#8221;128px&#8221; bottom_divider_height_tablet=&#8221;108px&#8221; bottom_divider_height_phone=&#8221;78px&#8221; bottom_divider_height_last_edited=&#8221;on|phone&#8221; global_colors_info=&#8221;{}&#8221;][et_pb_row column_structure=&#8221;1_2,1_2&#8243; _builder_version=&#8221;4.23.1&#8243; _module_preset=&#8221;default&#8221; global_colors_info=&#8221;{}&#8221;][et_pb_column type=&#8221;1_2&#8243; _builder_version=&#8221;4.23.1&#8243; _module_preset=&#8221;default&#8221; global_colors_info=&#8221;{}&#8221;][et_pb_text _builder_version=&#8221;4.23.1&#8243; _module_preset=&#8221;default&#8221; global_colors_info=&#8221;{}&#8221;]<\/p>\n<p><strong>Applications :<\/strong><br \/>S'utilise comme couvre-sol d\u00e9coratif lors de l'am\u00e9nagement de bordures, d'all\u00e9es, sous les plantes et les \u00e9quipements d'aire de jeux, ainsi que pour recouvrir les bacs \u00e0 fleurs.<\/p>\n<p>[\/et_pb_text][et_pb_text _builder_version=&#8221;4.23.1&#8243; _module_preset=&#8221;default&#8221; custom_padding=&#8221;|||15px||&#8221; global_colors_info=&#8221;{}&#8221;]<strong>Avantages :<\/strong><strong><\/strong><\/p>\n<ul>\n<li>Emp\u00eache la croissance des mauvaises herbes.<\/li>\n<li>Prot\u00e8ge contre la d\u00e9shydratation.<\/li>\n<li>Belle valeur d\u00e9corative.<\/li>\n<li>Sur les jardini\u00e8res, pots de fleurs et vasques de jardin.<\/li>\n<\/ul>\n<p><strong>Mode d'emploi :<\/p>\n<p><\/strong><\/p>\n<ul>\n<li>Rendre la surface \u00e0 recouvrir exempte de mauvaises herbes.<\/li>\n<li>R\u00e9partir ensuite uniform\u00e9ment les \u00c9corces D\u00e9co Funflor sur la<br \/>\nsurface en une couche d'environ 8 cm.<\/li>\n<li>Conserver le sac ouvert au sec et ferm\u00e9.<\/li>\n<\/ul>\n<p>[\/et_pb_text][et_pb_text _builder_version=&#8221;4.23.1&#8243; _module_preset=&#8221;default&#8221; global_colors_info=&#8221;{}&#8221;]<\/p>\n<p><strong>Garanties Belgique :<\/strong><br \/><strong>Volume<\/strong>\u00a010 ou 40 L<\/p>\n<p>[\/et_pb_text][\/et_pb_column][et_pb_column type=&#8221;1_2&#8243; _builder_version=&#8221;4.23.1&#8243; _module_preset=&#8221;default&#8221; global_colors_info=&#8221;{}&#8221;][et_pb_image src=&#8221;https:\/\/funflor.com\/wp-content\/uploads\/2024\/01\/Decoschors.png&#8221; title_text=&#8221;Decoschors&#8221; _builder_version=&#8221;4.23.1&#8243; _module_preset=&#8221;default&#8221; global_colors_info=&#8221;{}&#8221;][\/et_pb_image][\/et_pb_column][\/et_pb_row][\/et_pb_section]<\/p>","protected":false},"excerpt":{"rendered":"<p>DECO SCHORSDECO SCHORS is een 100% natuurlijk product afkomstig van pijnboomschors. Het heeft een prachtige roodbruine kleur en een harde, stevige structuur, wat als voordeel heeft dat het lang meegaat.Toepassingen:Te gebruiken als decoratieve bodembedekking bij het aanleggen van borders, paden, onder planten en speeltoestellen, evenals voor het bedekken van bloembakken.Voordelen: Verhindert onkruidgroei. Beschermt tegen uitdroging. [&hellip;]<\/p>","protected":false},"author":3,"featured_media":0,"parent":72,"menu_order":0,"comment_status":"closed","ping_status":"closed","template":"","meta":{"_et_pb_use_builder":"on","_et_pb_old_content":"","_et_gb_content_width":"","footnotes":""},"class_list":["post-301","page","type-page","status-publish","hentry"],"_links":{"self":[{"href":"https:\/\/funflor.com\/fr\/wp-json\/wp\/v2\/pages\/301","targetHints":{"allow":["GET"]}}],"collection":[{"href":"https:\/\/funflor.com\/fr\/wp-json\/wp\/v2\/pages"}],"about":[{"href":"https:\/\/funflor.com\/fr\/wp-json\/wp\/v2\/types\/page"}],"author":[{"embeddable":true,"href":"https:\/\/funflor.com\/fr\/wp-json\/wp\/v2\/users\/3"}],"replies":[{"embeddable":true,"href":"https:\/\/funflor.com\/fr\/wp-json\/wp\/v2\/comments?post=301"}],"version-history":[{"count":7,"href":"https:\/\/funflor.com\/fr\/wp-json\/wp\/v2\/pages\/301\/revisions"}],"predecessor-version":[{"id":429,"href":"https:\/\/funflor.com\/fr\/wp-json\/wp\/v2\/pages\/301\/revisions\/429"}],"up":[{"embeddable":true,"href":"https:\/\/funflor.com\/fr\/wp-json\/wp\/v2\/pages\/72"}],"wp:attachment":[{"href":"https:\/\/funflor.com\/fr\/wp-json\/wp\/v2\/media?parent=301"}],"curies":[{"name":"wp","href":"https:\/\/api.w.org\/{rel}","templated":true}]}}