{"id":245,"date":"2024-01-12T10:21:23","date_gmt":"2024-01-12T10:21:23","guid":{"rendered":"https:\/\/funflor.com\/?page_id=245"},"modified":"2024-02-23T12:19:14","modified_gmt":"2024-02-23T12:19:14","slug":"hortensia-rhodo-bruyere","status":"publish","type":"page","link":"https:\/\/funflor.com\/fr\/produits\/hortensia-rhodo-bruyere\/","title":{"rendered":"Hortensia Rhodo &#038; Heide"},"content":{"rendered":"<p>[et_pb_section fb_built=&#8221;1&#8243; custom_padding_last_edited=&#8221;on|tablet&#8221; module_class=&#8221;parahacks2&#8243; _builder_version=&#8221;4.23.1&#8243; _module_preset=&#8221;default&#8221; background_image=&#8221;https:\/\/funflor.com\/wp-content\/uploads\/2023\/11\/Hortensia_1836708784.jpg&#8221; parallax=&#8221;on&#8221; parallax_method=&#8221;off&#8221; custom_padding=&#8221;244px|||||&#8221; custom_padding_tablet=&#8221;30px||||false|false&#8221; custom_padding_phone=&#8221;30px||||false|false&#8221; bottom_divider_style=&#8221;wave&#8221; bottom_divider_color=&#8221;#3B5020&#8243; bottom_divider_height=&#8221;186px&#8221; bottom_divider_height_tablet=&#8221;146px&#8221; bottom_divider_height_phone=&#8221;76px&#8221; bottom_divider_height_last_edited=&#8221;on|phone&#8221; global_colors_info=&#8221;{}&#8221;][\/et_pb_section][et_pb_section fb_built=&#8221;1&#8243; _builder_version=&#8221;4.23.1&#8243; _module_preset=&#8221;default&#8221; background_image=&#8221;https:\/\/funflor.com\/wp-content\/uploads\/2023\/11\/pattern-blaadjes.jpg&#8221; parallax=&#8221;on&#8221; parallax_method=&#8221;off&#8221; top_divider_style=&#8221;wave&#8221; top_divider_color=&#8221;#3B5020&#8243; top_divider_height=&#8221;84px&#8221; top_divider_repeat=&#8221;1x&#8221; top_divider_height_tablet=&#8221;54px&#8221; top_divider_height_phone=&#8221;24px&#8221; top_divider_height_last_edited=&#8221;on|phone&#8221; global_colors_info=&#8221;{}&#8221;][et_pb_row custom_padding_last_edited=&#8221;on|tablet&#8221; _builder_version=&#8221;4.23.1&#8243; _module_preset=&#8221;default&#8221; custom_padding=&#8221;64px||45px|||&#8221; custom_padding_tablet=&#8221;48px||0px||false|false&#8221; custom_padding_phone=&#8221;48px||0px||false|false&#8221; global_colors_info=&#8221;{}&#8221;][et_pb_column type=&#8221;4_4&#8243; _builder_version=&#8221;4.23.1&#8243; _module_preset=&#8221;default&#8221; global_colors_info=&#8221;{}&#8221;][et_pb_text disabled_on=&#8221;on|on|off&#8221; _builder_version=&#8221;4.23.1&#8243; _module_preset=&#8221;f2181e09-e492-4731-8607-b9d5821b7197&#8243; header_text_color=&#8221;#FFFFFF&#8221; header_line_height=&#8221;0.8em&#8221; scroll_vertical_motion=&#8221;0|67|67|100|4|0|-4&#8243; hover_enabled=&#8221;0&#8243; scroll_vertical_motion_tablet=&#8221;0|50|50|100|5.5|0|-4&#8243; scroll_vertical_motion_phone=&#8221;0|50|50|100|5.5|0|-4&#8243; scroll_vertical_motion_last_edited=&#8221;on|tablet&#8221; global_colors_info=&#8221;{}&#8221; header_font=&#8221;|700||on|||||&#8221; sticky_enabled=&#8221;0&#8243;]<\/p>\n<h1>TERREAU HORTENSIA,\nRHODO ET BRUY\u00c8RE<\/h1>\n<p>[\/et_pb_text][et_pb_text _builder_version=\"4.23.1\u2033 _module_preset=\"default\" text_orientation=\"centre\" global_colors_info=\"{}\"]<span style=\"font-size: large;\"><strong>Ce terreau convient \u00e0 la plantation et au rempotage de toutes les plantes acidophiles, telles que l'hortensia, le rhododendron, la bruy\u00e8re, l'azal\u00e9e et le skimmia.<\/strong> Pour favoriser la croissance saine de vos plantes, un engrais sp\u00e9cial a \u00e9t\u00e9 ajout\u00e9 avec des nutriments essentiels pour les 60 premiers jours.<\/span><\/p>\n<p><strong><\/strong>[\/et_pb_text][\/et_pb_column][\/et_pb_row][\/et_pb_section][et_pb_section fb_built=\"1\u2033 custom_padding_last_edited=\"on|tablet\" next_background_colour=\"#3B5020\u2033 _builder_version=\"4.23.1\u2033 _module_preset=\"default\" use_background_color_gradient=\"on\" background_color_gradient_stops=\"rgba(255,255,255,0.9) 0%|#ffff 100%\" background_color_gradient_overlays_image=\"on\" background_image=\"https:\/\/funflor.com\/wp-content\/uploads\/2023\/11\/Funflor_2011995089.jpg\" custom_padding=\"100px||167px||false|\" custom_padding_tablet=\"50px||137px||false|false\" custom_padding_phone=\"50px||137px||false|false\" bottom_divider_style=\"wave\" bottom_divider_height=\"128px\" bottom_divider_height_tablet=\"108px\" bottom_divider_height_phone=\"78px\" bottom_divider_height_last_edited=\"on|phone\" global_colors_info=\"{}\"][et_pb_row column_structure=\"1_2,1_2\u2033 _builder_version=\"4.23.1\u2033 _module_preset=\"default\" global_colors_info=\"{}\"][et_pb_column type=\"1_2\u2033 _builder_version=\"4.23.1\u2033 _module_preset=\"default\" global_colors_info=\"{}\"][et_pb_text _builder_version=\"4.23.1\u2033 _module_preset=\"default\" custom_padding=\"|||15px||\" global_colors_info=\"{}\"]<strong>Mode d'emploi :<\/strong><\/p>\n<ul>\n<li>Lors de l\u2019empotage ou du rempotage, veillez toujours \u00e0 ce\nque le pot ou le r\u00e9cipient soit propre.<\/li>\n<li>Placez une couche d\u2019 hydro granules billes d\u2019argile au fond\ndu pot ou du r\u00e9cipient.<\/li>\n<li>Remplissez le pot ou le r\u00e9cipient avec du terreau Funflor et\nplacez la plante \u00e0 l'int\u00e9rieur.<\/li>\n<li>Remplissez les c\u00f4t\u00e9s avec du terreau Funflor et appuyez\nl\u00e9g\u00e8rement.<\/li>\n<li>Versez suffisamment d'eau.<\/li>\n<li>Contient des \u00e9l\u00e9ments nutritifs pendant 60 jours, puis\nfertilisez r\u00e9guli\u00e8rement.<\/li>\n<\/ul>\n<p>[\/et_pb_text][et_pb_text _builder_version=&#8221;4.23.1&#8243; _module_preset=&#8221;default&#8221; global_colors_info=&#8221;{}&#8221;]<strong>Conseil!<\/strong> Bien secouer le sac avant d\u2019utiliser le terreau. <strong>Conseils de stockage :<\/strong> Stocker au frais et au sec.\nFermer l\u2019emballage apr\u00e8s utilisation.<\/p>\n<p><strong>Garanties Belgique :<\/strong><br \/>\nSubstrat de culture: Terreau \u00e1 base de tourbe noir, compost\nd\u2019\u00e9corces d\u2019arbres r\u00e9sineux, liti\u00e8re de tourbe, fibres de bois\nextrud\u00e9es, engrais compos\u00e9 NPK.<br \/>\nBestemd voor zuurminnende planten.[\/et_pb_text][et_pb_text _builder_version=&#8221;4.23.1&#8243; _module_preset=&#8221;default&#8221; global_colors_info=&#8221;{}&#8221;]<\/p>\n<p><strong>Garanties :<\/strong><br \/><strong>Mati\u00e8re s\u00e8che<\/strong> 25%<br \/><strong>Mati\u00e8res organiques<\/strong> 20%<br \/><strong>Zone de pH (eau)<\/strong> 3,5 - 5,0<br \/><strong>Conductivit\u00e9 \u00e9lectrique (EC)<\/strong> 450 \u03bcS\/cm<br \/><strong>Engrais compos\u00e9 NPK 14-16-18<\/strong> 1,0 kg\/m\u00b3<br \/><strong>Volume<\/strong>\u00a040L<\/p>\n<p>[\/et_pb_text][\/et_pb_column][et_pb_column type=&#8221;1_2&#8243; _builder_version=&#8221;4.23.1&#8243; _module_preset=&#8221;default&#8221; global_colors_info=&#8221;{}&#8221;][et_pb_image src=&#8221;https:\/\/funflor.com\/wp-content\/uploads\/2024\/01\/Potgrond-Hortensia-Rhodo-Heide.png&#8221; title_text=&#8221;Potgrond Hortensia Rhodo Heide&#8221; _builder_version=&#8221;4.23.1&#8243; _module_preset=&#8221;default&#8221; global_colors_info=&#8221;{}&#8221;][\/et_pb_image][\/et_pb_column][\/et_pb_row][\/et_pb_section]<\/p>","protected":false},"excerpt":{"rendered":"<p>Hortensia, Rhodo &amp; HeideDeze potgrond is geschikt voor het aanplanten en oppotten van alle zuurminnende planten, zoals hortensia, rododendron, heide, azalea en skimmia. Om de gezonde groei van je planten te bevorderen, is er een speciale meststof toegevoegd met essenti\u00eble voedingsstoffen voor de eerste 60 dagen. Gebruiksaanwijzing: Bij potten of verpotten zorg altijd voor een [&hellip;]<\/p>","protected":false},"author":3,"featured_media":0,"parent":72,"menu_order":0,"comment_status":"closed","ping_status":"closed","template":"","meta":{"_et_pb_use_builder":"on","_et_pb_old_content":"","_et_gb_content_width":"","footnotes":""},"class_list":["post-245","page","type-page","status-publish","hentry"],"_links":{"self":[{"href":"https:\/\/funflor.com\/fr\/wp-json\/wp\/v2\/pages\/245","targetHints":{"allow":["GET"]}}],"collection":[{"href":"https:\/\/funflor.com\/fr\/wp-json\/wp\/v2\/pages"}],"about":[{"href":"https:\/\/funflor.com\/fr\/wp-json\/wp\/v2\/types\/page"}],"author":[{"embeddable":true,"href":"https:\/\/funflor.com\/fr\/wp-json\/wp\/v2\/users\/3"}],"replies":[{"embeddable":true,"href":"https:\/\/funflor.com\/fr\/wp-json\/wp\/v2\/comments?post=245"}],"version-history":[{"count":11,"href":"https:\/\/funflor.com\/fr\/wp-json\/wp\/v2\/pages\/245\/revisions"}],"predecessor-version":[{"id":430,"href":"https:\/\/funflor.com\/fr\/wp-json\/wp\/v2\/pages\/245\/revisions\/430"}],"up":[{"embeddable":true,"href":"https:\/\/funflor.com\/fr\/wp-json\/wp\/v2\/pages\/72"}],"wp:attachment":[{"href":"https:\/\/funflor.com\/fr\/wp-json\/wp\/v2\/media?parent=245"}],"curies":[{"name":"wp","href":"https:\/\/api.w.org\/{rel}","templated":true}]}}