{"id":23,"date":"2023-11-10T09:35:40","date_gmt":"2023-11-10T09:35:40","guid":{"rendered":"https:\/\/funflor.com\/?page_id=23"},"modified":"2025-11-18T08:17:50","modified_gmt":"2025-11-18T08:17:50","slug":"home","status":"publish","type":"page","link":"https:\/\/funflor.com\/fr\/","title":{"rendered":"Accueil"},"content":{"rendered":"<p>[et_pb_section fb_built=\u201d1\u2033 _builder_version=\u201d4.23.1\u2033 _module_preset=\u201ddefault\u201d background_image=\u201dhttps:\/\/funflor.com\/wp-content\/uploads\/2025\/11\/Coverplaat-website3b.jpeg\u201d custom_padding=\u201d5px|||||\u201d bottom_divider_style=\u201dwave\u201d bottom_divider_colour=\u201d#3B5020\u2033 bottom_divider_height=\u201d267px\u201d bottom_divider_height_tablet=\u201d150px\u201d bottom_divider_height_phone=\u201d40px\u201d bottom_divider_height_last_edited=\u201don|phone\u201d hover_enabled=\u201d0\u2033 background_last_edited=\u201don|phone\u201d parallax_phone=\u201doff\u201d background_position_phone=\u201dcentre\u201d global_colors_info=\u201d{}\u201d transform_translate_linked=\u201doff\u201d sticky_enabled=\u201d0\u2033][et_pb_row column_structure=\u201d2_5,3_5\u2033 _builder_version=\u201d4.23.1\u2033 _module_preset=\u201ddefault\u201d max_width=\u201d100%\u201d custom_padding=\u201d78px|||244px||\u201d global_colors_info=\u201d{}\u201d][et_pb_column type=\u201d2_5\u2033 _builder_version=\u201d4.23.1\u2033 _module_preset=\u201ddefault\u201d global_colors_info=\u201d{}\u201d][et_pb_image src=\u201dhttps:\/\/funflor.com\/wp-content\/uploads\/2023\/11\/Logo_Funflor_fc.png\u201d title_text=\u201dLogo_Funflor_fc\u201d disabled_on=\u201don|off|off\u201d _builder_version=\u201d4.23.1\u2033 _module_preset=\u201ddefault\u201d width_tablet=\u201d47%\u201d width_phone=\u201d64%\u201d width_last_edited=\u201don|phone\u201d global_colors_info=\u201d{}\u201d][\/et_pb_image][\/et_pb_column][et_pb_column type=\u201d3_5\u2033 _builder_version=\u201d4.23.1\u2033 _module_preset=\u201ddefault\u201d global_colors_info=\u201d{}\u201d][\/et_pb_column][\/et_pb_row][\/et_pb_section][et_pb_section fb_built=\u201d1\u2033 _builder_version=\u201d4.23.1\u2033 _module_preset=\u201ddefault\u201d background_image=\u201dhttps:\/\/funflor.com\/wp-content\/uploads\/2023\/11\/pattern-blaadjes.jpg\u201d parallax=\u201don\u201d parallax_method=\u201doff\u201d top_divider_style=\u201dwave\u201d top_divider_color=\u201d#3B5020\u2033 top_divider_height=\u201d84px\u201d top_divider_repeat=\u201d1x\u201d global_colors_info=\u201d{}\u201d][et_pb_row _builder_version=\u201d4.23.1\u2033 _module_preset=\u201ddefault\u201d custom_margin=\u201d31px|auto||auto|||\u201d global_colors_info=\u201d{}\u201d][et_pb_column type=\u201d4_4\u2033 _builder_version=\u201d4.23.1\u2033 _module_preset=\u201ddefault\u201d global_colors_info=\u201d{}\u201d][et_pb_text _builder_version=\u201d4.23.1\u2033 _module_preset=\u201df2181e09-e492-4731-8607-b9d5821b7197\u2033 text_text_color=\u201d#FFFFFF\u201d header_text_color=\u201d#FFFFFF\u201d background_layout=\u201ddark\u201d global_colors_info=\u201d{}\u201d]<\/p>\n<h1>Rendez service \u00e0 votre jardin<br \/><span style=\"color: #ffffff;\">Et vous aussi !<\/span><\/h1>\n<p>[\/et_pb_text][et_pb_text _builder_version=\"4.23.1\u2033 _module_preset=\"_initial\" text_orientation=\"centre\" global_colors_info=\"{}\"]<\/p>\n<h2>Chez Funflor, nous aimons que les choses soient simples<\/h2>\n<p>Nous fournissons simplement de bons produits qui sont largement utilisables. Avec lesquels vous pouvez travailler avec plaisir et qui permettent d'avoir un beau jardin et de belles plantes d'int\u00e9rieur. Nos produits sont \u00e9galement tr\u00e8s respectueux de l'environnement. <strong>Avec Funflor, vous ne rendez pas seulement service \u00e0 votre jardin, mais aussi \u00e0 vous-m\u00eame<\/strong>. Et votre portefeuille ! Car les prix de Funflor sont toujours agr\u00e9ables.<\/p>\n<p>[\/et_pb_text][\/et_pb_column][\/et_pb_row][\/et_pb_section][et_pb_section fb_built=\"1\u2033 _builder_version=\"4.23.1\u2033 _module_preset=\"default\" use_background_colour_gradient=\"on\" background_colour_gradient_stops=\"rgba(255,255,255,0.9) 0%|rgba(255,255,255,0.8) 100%\" background_colour_gradient_overlays_image=\"on\" background_image=\"https:\/\/funflor.com\/wp-content\/uploads\/2023\/11\/plant-in-hand.jpg\" custom_padding=\"110px||110px||true|\" global_colors_info=\"{}\"][et_pb_row _builder_version=\"4.23.1\u2033 _module_preset=\"default\" global_colors_info=\"{}\"][et_pb_column type=\"4_4\u2033 _builder_version=\"4.23.1\u2033 _module_preset=\"default\" global_colors_info=\"{}\"][et_pb_text _builder_version=\"4.23.1\u2033 _module_preset=\"default\" header_3_text_color=\"#B8C12F\" text_orientation=\"centre\" custom_margin=\"||-4px||\" global_colors_info=\"{}\"]<\/p>\n<h3>Terreaux, amendements du sol et couvres sol<\/h3>\n<p>[\/et_pb_text][\/et_pb_column][\/et_pb_row][et_pb_row module_class=\"eight-columns\" _builder_version=\"4.23.1\u2033 _module_preset=\"default\" width=\"99%\" max_width=\"100%\" custom_padding=\"0px||0px|||\" global_colors_info=\"{}\"][et_pb_column type=\"4_4\u2033 _builder_version=\"4.23.1\u2033 _module_preset=\"default\" global_colors_info=\"{}\"][et_pb_image src=\"https:\/\/funflor.com\/wp-content\/uploads\/2024\/01\/Potgrond-Universeel.png\" title_text=\"Terreau Universel\" _builder_version=\"4.23.1\u2033 _module_preset=\"default\" width=\"100%\" global_colors_info=\"{}\" transform_styles__hover_enabled=\"on|hover\" transform_scale__hover_enabled=\"on|hover\" transform_translate__hover_enabled=\"on|desktop\" transform_rotate__hover_enabled=\"on|desktop\" transform_skew__hover_enabled=\"on|desktop\" transform_origin__hover_enabled=\"on|desktop\" transform_scale__hover=\"104%|104%\"][\/et_pb_image][et_pb_image src=\"https :\/\/funflor.com\/wp-content\/uploads\/2024\/01\/Potting-ground-long-lasting.png\" title_text=\"Potting-ground-long-lasting\" _builder_version=\"4.23.1\u2033 _module_preset=\"default\" width=\"100%\" global_colors_info=\"{}\" transform_styles__hover_enabled=\"on|hover\" transform_scale__hover_enabled=\"on|hover\" transform_translate__hover_enabled=\"on|desktop\" transform_rotate__hover_enabled=\"on|desktop\" transform_skew__hover_enabled=\"on|desktop\" transform_origin__hover_enabled=\"on|desktop\" transform_scale__hover=\"104%|104%\"][\/et_pb_image][et_pb_image src=\"https :\/\/funflor.com\/wp-content\/uploads\/2024\/01\/Potting Ground Hortensia Rhodo Heather.png\" title_text=\"Potting Ground Hortensia Rhodo Heather\" _builder_version=\"4.23.1\u2033 _module_preset=\"default\" width=\"100%\" global_colors_info=\"{}\" transform_styles__hover_enabled=\"on|hover\" transform_scale__hover_enabled=\"on|hover\" transform_translate__hover_enabled=\"on|desktop\" transform_rotate__hover_enabled=\"on|desktop\" transform_skew__hover_enabled=\"on|desktop\" transform_origin__hover_enabled=\"on|desktop\" transform_scale__hover=\"104%|104%\"][\/et_pb_image][et_pb_image src=\"https :\/\/funflor.com\/wp-content\/uploads\/2024\/01\/Startmix.png\" title_text=\"Startmix\" _builder_version=\"4.23.1\u2033 _module_preset=\"default\" width=\"100%\" global_colors_info=\"{}\" transform_styles__hover_enabled=\"on|hover\" transform_scale__hover_enabled=\"on|hover\" transform_translate__hover_enabled=\"on|desktop\" transform_rotate__hover_enabled=\"on|desktop\" transform_skew__hover_enabled=\"on|desktop\" transform_origin__hover_enabled=\"on|desktop\" transform_scale__hover=\"104%|104%\"][\/et_pb_image][et_pb_image src=\"https :\/\/funflor.com\/wp-content\/uploads\/2024\/02\/3D_Funflor_Potting-ground-room-plants.png\" title_text=\"3D_Funflor_Potting-ground-room-plants\" _builder_version=\"4.23.1\u2033 _module_preset=\"default\" width=\"100%\" global_colors_info=\"{}\" transform_styles__hover_enabled=\"on|hover\" transform_scale__hover_enabled=\"on|hover\" transform_translate__hover_enabled=\"on|desktop\" transform_rotate__hover_enabled=\"on|desktop\" transform_skew__hover_enabled=\"on|desktop\" transform_origin__hover_enabled=\"on|desktop\" transform_scale__hover=\"104%|104%\"][\/et_pb_image][et_pb_image src=\"https :\/\/funflor.com\/wp-content\/uploads\/2024\/01\/Tuinturf.png\" title_text=\"Tuinturf\" _builder_version=\"4.23.1\u2033 _module_preset=\"default\" width=\"100%\" global_colors_info=\"{}\" transform_styles__hover_enabled=\"on|hover\" transform_scale__hover_enabled=\"on|hover\" transform_translate__hover_enabled=\"on|desktop\" transform_rotate__hover_enabled=\"on|desktop\" transform_skew__hover_enabled=\"on|desktop\" transform_origin__hover_enabled=\"on|desktop\" transform_scale__hover=\"104%|104%\"][\/et_pb_image][et_pb_image src=\"https :\/\/funflor.com\/wp-content\/uploads\/2024\/01\/Compost de jardin.png\" title_text=\"Compost de jardin\" _builder_version=\"4.23.1\u2033 _module_preset=\"default\" width=\"100%\" global_colors_info=\"{}\" transform_styles__hover_enabled=\"on|hover\" transform_scale__hover_enabled=\"on|hover\" transform_translate__hover_enabled=\"on|desktop\" transform_rotate__hover_enabled=\"on|desktop\" transform_skew__hover_enabled=\"on|desktop\" transform_origin__hover_enabled=\"on|desktop\" transform_scale__hover=\"104%|104%\"][\/et_pb_image][et_pb_image src=\"https :\/\/funflor.com\/wp-content\/uploads\/2024\/01\/Decoschors.png\" title_text=\"Decoschors\" _builder_version=\"4.23.1\u2033 _module_preset=\"default\" width=\"100%\" global_colors_info=\"{}\" transform_styles__hover_enabled=\"on|hover\" transform_scale__hover_enabled=\"on|hover\" transform_translate__hover_enabled=\"on|desktop\" transform_rotate__hover_enabled=\"on|desktop\" transform_skew__hover_enabled=\"on|desktop\" transform_origin__hover_enabled=\"on|desktop\" transform_scale__hover=\"104%|104%\"][\/et_pb_image][et_pb_image src=\"https :\/\/funflor.com\/wp-content\/uploads\/2024\/01\/\u00e9corce d'arbre.png\" title_text=\"\u00c9corce d'arbre\" _builder_version=\"4.23.1\u2033 _module_preset=\"default\" width=\"100%\" global_colors_info=\"{}\" transform_styles__hover_enabled=\"on|hover\" transform_scale__hover_enabled=\"on|hover\" transform_translate__hover_enabled=\"on|desktop\" transform_rotate__hover_enabled=\"on|desktop\" transform_skew__hover_enabled=\"on|desktop\" transform_origin__hover_enabled=\"on|desktop\" transform_scale__hover=\"104%|104%\"][\/et_pb_image][\/et_pb_column][\/et_pb_row][et_pb_row _builder_version=\"4.23.1\u2033 _module_preset=\"default\" custom_padding=\"0px|||||\" global_colors_info=\"{}\"][et_pb_column type=\"4_4\u2033 _builder_version=\"4.23.1\u2033 _module_preset=\"default\" global_colors_info=\"{}\"][et_pb_button button_url=\"@ET-DC@eyJkeW5hbWljIp0cnVlCJb250ZW50IjoicG9zdF9saW5rX3VybF9wYWdlIwic2V0dGluZ3MiOnsicG9zdF9pZCI6IjcyIn19@\" button_text=\"Voir nos produits\" button_alignment=\"centre\" _builder_version=\"4.23.1\u2033 _dynamic_attributes=\u201dbutton_url\u201d _module_preset=\u201d24448487-831d-4899-a5d2-5506fb447470\u2033 button_bg_color=\u201d#3B5020\u2033 custom_margin=\u201d0px||||false|false\u201d global_colors_info=\u201d{}\u201d button_bg_color__hover_enabled=\"on|hover\" button_bg_color__hover=\"#B8C12F\" button_bg_enable_color__hover=\"on\"][\/et_pb_button][\/et_pb_column][\/et_pb_row][\/et_pb_section][et_pb_section fb_built=\"1\u2033 next_background_colour=\"#3B5020\u2033 _builder_version=\"4.23.1\u2033 _module_preset=\"default\" background_image=\"https:\/\/funflor.com\/wp-content\/uploads\/2023\/11\/pattern-blaadjes.jpg\" parallax=\"on\" parallax_method=\"off\" custom_padding=\"||140px|||\" top_divider_colour=\"#3B5020\u2033 top_divider_height=\"84px\" top_divider_repeat=\"1x\" bottom_divider_style=\"wave\" bottom_divider_height_tablet=\"\" bottom_divider_height_phone=\"60px\" bottom_divider_height_last_edited=\"on|phone\" locked=\"off\" global_colors_info=\"{}\"][et_pb_row _builder_version=\"4.23.1\u2033 _module_preset=\"default\" custom_padding=\"80px||45px|||\" global_colors_info=\"{}\"][et_pb_column type=\"4_4\u2033 _builder_version=\"4.23.1\u2033 _module_preset=\"default\" global_colors_info=\"{}\"][et_pb_text _builder_version=\"4.23.1\u2033 _module_preset=\"default\" text_font=\"Shadows Into Light Two|700|||||||\" text_font_size=\"50px\" text_letter_spacing=\"2px\" text_line_height=\"1em\" header_font=\"|700|||||||\" header_text_align=\"centre\" header_text_colour=\"#3B5020\u2033 header_font_size=\"70px\" header_line_height=\"1.3em\" header_2_text_align=\"centre\" header_2_font_size=\"50px\" text_orientation=\"centre\" custom_margin=\"||74px||\" text_font_size_tablet=\"33px\" text_font_size_phone=\"33px\" text_font_size_last_edited=\"on|phone\" global_colours_info=\"{}\"]<\/p>\n<p>Funflor fait du jardinage <span style=\"color: #ffffff;\">un plaisir<\/span><\/p>\n<p>[\/et_pb_text][et_pb_text _builder_version=\"4.23.1\u2033 _module_preset=\"default\" text_orientation=\"centre\" global_colors_info=\"{}\"]<\/p>\n<h2>Choisir facilement<\/h2>\n<p>Chaque plante a-t-elle besoin d'un sol diff\u00e9rent ? Chez Funflor, nous ne le pensons pas. <strong>Notre gamme est structur\u00e9e de mani\u00e8re \u00e0 ce que vous puissiez facilement choisir le bon produit<\/strong>. Sur l'emballage, nous vous aidons \u00e0 choisir gr\u00e2ce \u00e0 des instructions tr\u00e8s claires. Facile, non ?<\/p>\n<p>[\/et_pb_text][et_pb_text disabled_on=\"on|on|on\" _builder_version=\"4.23.1\u2033 _module_preset=\"default\" text_orientation=\"centre\" disabled=\"on\" global_colors_info=\"{}\"]<\/p>\n<h2>Choisir le d\u00e9veloppement durable<\/h2>\n<p>Donn\u00e9es n\u00e9cessaires<\/p>\n<p>[\/et_pb_text][\/et_pb_column][\/et_pb_row][\/et_pb_section].<\/p>","protected":false},"excerpt":{"rendered":"<p>Faites plaisir \u00e0 votre jardin et \u00e0 vous-m\u00eame ! Chez Funflor, nous aimons rester simples. Nous proposons de bons produits qui sont largement utilisables. Que vous pouvez utiliser et qui vous permettent d'avoir un beau jardin et de belles plantes d'int\u00e9rieur. Nos produits sont \u00e9galement tr\u00e8s respectueux de l'environnement. Avec Funflor, vous n'\u00eates donc pas seulement [...]<\/p>","protected":false},"author":3,"featured_media":0,"parent":0,"menu_order":0,"comment_status":"closed","ping_status":"closed","template":"","meta":{"_et_pb_use_builder":"on","_et_pb_old_content":"","_et_gb_content_width":"","footnotes":""},"class_list":["post-23","page","type-page","status-publish","hentry"],"_links":{"self":[{"href":"https:\/\/funflor.com\/fr\/wp-json\/wp\/v2\/pages\/23","targetHints":{"allow":["GET"]}}],"collection":[{"href":"https:\/\/funflor.com\/fr\/wp-json\/wp\/v2\/pages"}],"about":[{"href":"https:\/\/funflor.com\/fr\/wp-json\/wp\/v2\/types\/page"}],"author":[{"embeddable":true,"href":"https:\/\/funflor.com\/fr\/wp-json\/wp\/v2\/users\/3"}],"replies":[{"embeddable":true,"href":"https:\/\/funflor.com\/fr\/wp-json\/wp\/v2\/comments?post=23"}],"version-history":[{"count":43,"href":"https:\/\/funflor.com\/fr\/wp-json\/wp\/v2\/pages\/23\/revisions"}],"predecessor-version":[{"id":606,"href":"https:\/\/funflor.com\/fr\/wp-json\/wp\/v2\/pages\/23\/revisions\/606"}],"wp:attachment":[{"href":"https:\/\/funflor.com\/fr\/wp-json\/wp\/v2\/media?parent=23"}],"curies":[{"name":"wp","href":"https:\/\/api.w.org\/{rel}","templated":true}]}}