{"id":120,"date":"2023-11-10T16:19:47","date_gmt":"2023-11-10T16:19:47","guid":{"rendered":"https:\/\/funflor.com\/?page_id=120"},"modified":"2025-01-08T10:26:59","modified_gmt":"2025-01-08T10:26:59","slug":"contact","status":"publish","type":"page","link":"https:\/\/funflor.com\/fr\/contact\/","title":{"rendered":"Contact"},"content":{"rendered":"<p>[et_pb_section fb_built=\u201d1\u2033 _builder_version=\u201d4.23.1\u2033 _module_preset=\u201ddefault\u201d background_image=\u201dhttps:\/\/funflor.com\/wp-content\/uploads\/2023\/11\/plant-in-hand.jpg\u201d parallax=\u201don\u201d parallax_method=\u201doff\u201d custom_padding=\u201d264px|||||\u201d bottom_divider_style=\u201dwave\u201d bottom_divider_colour=\u201d#3B5020\u2033 bottom_divider_height=\u201d94px\u201d global_colors_info=\u201d{}\u201d][\/et_pb_section][et_pb_section fb_built=\u201d1\u2033 next_background_colour=\u201d#3B5020\u2033 _builder_version=\u201d4.23.1\u2033 _module_preset=\u201ddefault\u201d background_image=\u201dhttps:\/\/funflor.com\/wp-content\/uploads\/2023\/11\/pattern-blaadjes.jpg\u201d parallax=\u201don\u201d parallax_method=\u201doff\u201d custom_padding=\u201d||137px|||\u201d top_divider_style=\u201dwave\u201d top_divider_colour=\u201d#3B5020\u2033 top_divider_height=\u201d209px\u201d top_divider_repeat=\u201d1x\u201d top_divider_height_tablet=\u201d150px\u201d top_divider_height_phone=\u201d40px\u201d top_divider_height_last_edited=\u201don|phone\u201d bottom_divider_style=\u201dwave\u201d global_colors_info=\u201d{}\u201d][et_pb_row _builder_version=\u201d4.23.1\u2033 _module_preset=\u201ddefault\u201d custom_padding=\u201d134px||2px|||\u201d global_colors_info=\u201d{}\u201d][et_pb_column type=\u201d4_4\u2033 _builder_version=\u201d4.23.1\u2033 _module_preset=\u201ddefault\u201d global_colors_info=\u201d{}\u201d][et_pb_text _builder_version=\u201d4.23.1\u2033 _module_preset=\u201df2181e09-e492-4731-8607-b9d5821b7197\u2033 global_colors_info=\u201d{}\u201d]<\/p>\n<h1>Comment pouvons-nous <span style=\"color: #ffffff;\">vous aider ? <\/span><\/h1>\n<p>[\/et_pb_text][et_pb_text _builder_version=\"4.23.1\u2033 _module_preset=\"default\" text_orientation=\"centre\" global_colors_info=\"{}\"]<\/p>\n<p><span style=\"font-size: large;\"><b>Posez votre question<\/b><\/span><\/p>\n<p>[\/et_pb_text][\/et_pb_column][\/et_pb_row][et_pb_row column_structure=\u201d1_4,1_2,1_4\u2033 _builder_version=\u201d4.23.1\u2033 _module_preset=\u201ddefault\u201d global_colors_info=\u201d{}\u201d][et_pb_column type=\u201d1_4\u2033 _builder_version=\u201d4.23.1\u2033 _module_preset=\u201ddefault\u201d global_colors_info=\u201d{}\u201d][\/et_pb_column][et_pb_column type=\u201d1_2\u2033 _builder_version=\u201d4.23.1\u2033 _module_preset=\u201ddefault\u201d global_colors_info=\u201d{}\u201d][et_pb_code _builder_version=\u201d4.23.1\u2033 _module_preset=\u201ddefault\u201d global_colors_info=\u201d{}\u201d]\n<div class=\"wpcf7 no-js\" id=\"wpcf7-f444-o1\" lang=\"nl-NL\" dir=\"ltr\" data-wpcf7-id=\"444\">\n<div class=\"screen-reader-response\"><p role=\"status\" aria-live=\"polite\" aria-atomic=\"true\"><\/p> <ul><\/ul><\/div>\n<form action=\"\/fr\/wp-json\/wp\/v2\/pages\/120#wpcf7-f444-o1\" method=\"post\" class=\"wpcf7-form init\" aria-label=\"Formulaire de contact\" novalidate=\"novalidate\" data-status=\"init\" data-trp-original-action=\"\/fr\/wp-json\/wp\/v2\/pages\/120#wpcf7-f444-o1\">\n<fieldset class=\"hidden-fields-container\"><input type=\"hidden\" name=\"_wpcf7\" value=\"444\" \/><input type=\"hidden\" name=\"_wpcf7_version\" value=\"6.1.3\" \/><input type=\"hidden\" name=\"_wpcf7_locale\" value=\"nl_NL\" \/><input type=\"hidden\" name=\"_wpcf7_unit_tag\" value=\"wpcf7-f444-o1\" \/><input type=\"hidden\" name=\"_wpcf7_container_post\" value=\"0\" \/><input type=\"hidden\" name=\"_wpcf7_posted_data_hash\" value=\"\" \/>\n<\/fieldset>\n<p><span class=\"wpcf7-form-control-wrap\" data-name=\"naam\"><input size=\"40\" maxlength=\"400\" class=\"wpcf7-form-control wpcf7-text wpcf7-validates-as-required\" aria-required=\"true\" aria-invalid=\"false\" placeholder=\"Nom\" value=\"\" type=\"text\" name=\"naam\" \/><\/span>\n<\/p>\n<p><span id=\"wpcf7-69e025c29b0c7-wrapper\" class=\"wpcf7-form-control-wrap first-wrap\" style=\"display:none !important; visibility:hidden !important;\"><label for=\"wpcf7-69e025c29b0c7-field\" class=\"hp-message\">Veuillez laisser ce champ vide.<\/label><input id=\"wpcf7-69e025c29b0c7-field\"  class=\"wpcf7-form-control wpcf7-text\" type=\"text\" name=\"first\" value=\"\" size=\"40\" tabindex=\"-1\" autocomplete=\"new-password\" \/><\/span>\n<\/p>\n<p><span class=\"wpcf7-form-control-wrap\" data-name=\"bedrijfsnaam\"><input size=\"40\" maxlength=\"400\" class=\"wpcf7-form-control wpcf7-text\" aria-invalid=\"false\" placeholder=\"Nom de l&#039;entreprise\" value=\"\" type=\"text\" name=\"bedrijfsnaam\" \/><\/span>\n<\/p>\n<p><span id=\"wpcf7-69e025c29b135-wrapper\" class=\"wpcf7-form-control-wrap company-wrap\" style=\"display:none !important; visibility:hidden !important;\"><label for=\"wpcf7-69e025c29b135-field\" class=\"hp-message\">Veuillez laisser ce champ vide.<\/label><input id=\"wpcf7-69e025c29b135-field\"  class=\"wpcf7-form-control wpcf7-text\" type=\"text\" name=\"company\" value=\"\" size=\"40\" tabindex=\"-1\" autocomplete=\"new-password\" \/><\/span>\n<\/p>\n<p><span class=\"wpcf7-form-control-wrap\" data-name=\"email\"><input size=\"40\" maxlength=\"400\" class=\"wpcf7-form-control wpcf7-email wpcf7-validates-as-required wpcf7-text wpcf7-validates-as-email\" aria-required=\"true\" aria-invalid=\"false\" placeholder=\"Courriel\" value=\"\" type=\"email\" name=\"email\" \/><\/span>\n<\/p>\n<p><span id=\"wpcf7-69e025c29b18b-wrapper\" class=\"wpcf7-form-control-wrap address-wrap\" style=\"display:none !important; visibility:hidden !important;\"><label for=\"wpcf7-69e025c29b18b-field\" class=\"hp-message\">Veuillez laisser ce champ vide.<\/label><input id=\"wpcf7-69e025c29b18b-field\"  class=\"wpcf7-form-control wpcf7-text\" type=\"text\" name=\"address\" value=\"\" size=\"40\" tabindex=\"-1\" autocomplete=\"new-password\" \/><\/span>\n<\/p>\n<p><span class=\"wpcf7-form-control-wrap\" data-name=\"telefoonnummer\"><input size=\"40\" maxlength=\"400\" class=\"wpcf7-form-control wpcf7-tel wpcf7-text wpcf7-validates-as-tel\" aria-invalid=\"false\" placeholder=\"Num\u00e9ro de t\u00e9l\u00e9phone\" value=\"\" type=\"tel\" name=\"telefoonnummer\" \/><\/span>\n<\/p>\n<p><span id=\"wpcf7-69e025c29b1d7-wrapper\" class=\"wpcf7-form-control-wrap tel-wrap\" style=\"display:none !important; visibility:hidden !important;\"><label for=\"wpcf7-69e025c29b1d7-field\" class=\"hp-message\">Veuillez laisser ce champ vide.<\/label><input id=\"wpcf7-69e025c29b1d7-field\"  class=\"wpcf7-form-control wpcf7-text\" type=\"text\" name=\"tel\" value=\"\" size=\"40\" tabindex=\"-1\" autocomplete=\"new-password\" \/><\/span>\n<\/p>\n<p><span class=\"wpcf7-form-control-wrap\" data-name=\"bericht\"><textarea cols=\"40\" rows=\"10\" maxlength=\"2000\" class=\"wpcf7-form-control wpcf7-textarea wpcf7-validates-as-required\" aria-required=\"true\" aria-invalid=\"false\" placeholder=\"Message\" name=\"bericht\"><\/textarea><\/span>\n<\/p>\n<p><span id=\"wpcf7-69e025c29b27e-wrapper\" class=\"wpcf7-form-control-wrap message-wrap\" style=\"display:none !important; visibility:hidden !important;\"><label for=\"wpcf7-69e025c29b27e-field\" class=\"hp-message\">Veuillez laisser ce champ vide.<\/label><input id=\"wpcf7-69e025c29b27e-field\"  class=\"wpcf7-form-control wpcf7-text\" type=\"text\" name=\"message\" value=\"\" size=\"40\" tabindex=\"-1\" autocomplete=\"new-password\" \/><\/span><input class=\"wpcf7-form-control wpcf7-submit has-spinner\" type=\"submit\" value=\"Envoyer un message\" \/>\n<\/p><div class=\"wpcf7-response-output\" aria-hidden=\"true\"><\/div>\n<input type=\"hidden\" name=\"trp-form-language\" value=\"fr\"\/><\/form>\n<\/div>\n[\/et_pb_code][\/et_pb_column][et_pb_column type=\u201d1_4\u2033 _builder_version=\u201d4.23.1\u2033 _module_preset=\u201ddefault\u201d global_colors_info=\u201d{}\u201d][\/et_pb_column][\/et_pb_row][\/et_pb_section]<\/p>","protected":false},"excerpt":{"rendered":"<p>Comment pouvons-nous vous aider ? Posez votre question\n<div class=\"wpcf7 no-js\" id=\"wpcf7-f444-o2\" lang=\"nl-NL\" dir=\"ltr\" data-wpcf7-id=\"444\">\n<div class=\"screen-reader-response\"><p role=\"status\" aria-live=\"polite\" aria-atomic=\"true\"><\/p> <ul><\/ul><\/div>\n<form action=\"\/fr\/wp-json\/wp\/v2\/pages\/120#wpcf7-f444-o2\" method=\"post\" class=\"wpcf7-form init\" aria-label=\"Formulaire de contact\" novalidate=\"novalidate\" data-status=\"init\" data-trp-original-action=\"\/fr\/wp-json\/wp\/v2\/pages\/120#wpcf7-f444-o2\">\n<fieldset class=\"hidden-fields-container\"><input type=\"hidden\" name=\"_wpcf7\" value=\"444\" \/><input type=\"hidden\" name=\"_wpcf7_version\" value=\"6.1.3\" \/><input type=\"hidden\" name=\"_wpcf7_locale\" value=\"nl_NL\" \/><input type=\"hidden\" name=\"_wpcf7_unit_tag\" value=\"wpcf7-f444-o2\" \/><input type=\"hidden\" name=\"_wpcf7_container_post\" value=\"0\" \/><input type=\"hidden\" name=\"_wpcf7_posted_data_hash\" value=\"\" \/>\n<\/fieldset>\n<p><span class=\"wpcf7-form-control-wrap\" data-name=\"naam\"><input size=\"40\" maxlength=\"400\" class=\"wpcf7-form-control wpcf7-text wpcf7-validates-as-required\" aria-required=\"true\" aria-invalid=\"false\" placeholder=\"Nom\" value=\"\" type=\"text\" name=\"naam\" \/><\/span>\n<\/p>\n<p><span id=\"wpcf7-69e025c2a2c38-wrapper\" class=\"wpcf7-form-control-wrap first-wrap\" style=\"display:none !important; visibility:hidden !important;\"><label for=\"wpcf7-69e025c2a2c38-field\" class=\"hp-message\">Veuillez laisser ce champ vide.<\/label><input id=\"wpcf7-69e025c2a2c38-field\"  class=\"wpcf7-form-control wpcf7-text\" type=\"text\" name=\"first\" value=\"\" size=\"40\" tabindex=\"-1\" autocomplete=\"new-password\" \/><\/span>\n<\/p>\n<p><span class=\"wpcf7-form-control-wrap\" data-name=\"bedrijfsnaam\"><input size=\"40\" maxlength=\"400\" class=\"wpcf7-form-control wpcf7-text\" aria-invalid=\"false\" placeholder=\"Nom de l&#039;entreprise\" value=\"\" type=\"text\" name=\"bedrijfsnaam\" \/><\/span>\n<\/p>\n<p><span id=\"wpcf7-69e025c2a2ca5-wrapper\" class=\"wpcf7-form-control-wrap company-wrap\" style=\"display:none !important; visibility:hidden !important;\"><label for=\"wpcf7-69e025c2a2ca5-field\" class=\"hp-message\">Veuillez laisser ce champ vide.<\/label><input id=\"wpcf7-69e025c2a2ca5-field\"  class=\"wpcf7-form-control wpcf7-text\" type=\"text\" name=\"company\" value=\"\" size=\"40\" tabindex=\"-1\" autocomplete=\"new-password\" \/><\/span>\n<\/p>\n<p><span class=\"wpcf7-form-control-wrap\" data-name=\"email\"><input size=\"40\" maxlength=\"400\" class=\"wpcf7-form-control wpcf7-email wpcf7-validates-as-required wpcf7-text wpcf7-validates-as-email\" aria-required=\"true\" aria-invalid=\"false\" placeholder=\"Courriel\" value=\"\" type=\"email\" name=\"email\" \/><\/span>\n<\/p>\n<p><span id=\"wpcf7-69e025c2a2cf6-wrapper\" class=\"wpcf7-form-control-wrap address-wrap\" style=\"display:none !important; visibility:hidden !important;\"><label for=\"wpcf7-69e025c2a2cf6-field\" class=\"hp-message\">Veuillez laisser ce champ vide.<\/label><input id=\"wpcf7-69e025c2a2cf6-field\"  class=\"wpcf7-form-control wpcf7-text\" type=\"text\" name=\"address\" value=\"\" size=\"40\" tabindex=\"-1\" autocomplete=\"new-password\" \/><\/span>\n<\/p>\n<p><span class=\"wpcf7-form-control-wrap\" data-name=\"telefoonnummer\"><input size=\"40\" maxlength=\"400\" class=\"wpcf7-form-control wpcf7-tel wpcf7-text wpcf7-validates-as-tel\" aria-invalid=\"false\" placeholder=\"Num\u00e9ro de t\u00e9l\u00e9phone\" value=\"\" type=\"tel\" name=\"telefoonnummer\" \/><\/span>\n<\/p>\n<p><span id=\"wpcf7-69e025c2a2d42-wrapper\" class=\"wpcf7-form-control-wrap tel-wrap\" style=\"display:none !important; visibility:hidden !important;\"><label for=\"wpcf7-69e025c2a2d42-field\" class=\"hp-message\">Veuillez laisser ce champ vide.<\/label><input id=\"wpcf7-69e025c2a2d42-field\"  class=\"wpcf7-form-control wpcf7-text\" type=\"text\" name=\"tel\" value=\"\" size=\"40\" tabindex=\"-1\" autocomplete=\"new-password\" \/><\/span>\n<\/p>\n<p><span class=\"wpcf7-form-control-wrap\" data-name=\"bericht\"><textarea cols=\"40\" rows=\"10\" maxlength=\"2000\" class=\"wpcf7-form-control wpcf7-textarea wpcf7-validates-as-required\" aria-required=\"true\" aria-invalid=\"false\" placeholder=\"Message\" name=\"bericht\"><\/textarea><\/span>\n<\/p>\n<p><span id=\"wpcf7-69e025c2a2d95-wrapper\" class=\"wpcf7-form-control-wrap message-wrap\" style=\"display:none !important; visibility:hidden !important;\"><label for=\"wpcf7-69e025c2a2d95-field\" class=\"hp-message\">Veuillez laisser ce champ vide.<\/label><input id=\"wpcf7-69e025c2a2d95-field\"  class=\"wpcf7-form-control wpcf7-text\" type=\"text\" name=\"message\" value=\"\" size=\"40\" tabindex=\"-1\" autocomplete=\"new-password\" \/><\/span><input class=\"wpcf7-form-control wpcf7-submit has-spinner\" type=\"submit\" value=\"Envoyer un message\" \/>\n<\/p><div class=\"wpcf7-response-output\" aria-hidden=\"true\"><\/div>\n<input type=\"hidden\" name=\"trp-form-language\" value=\"fr\"\/><\/form>\n<\/div>\n<\/p>","protected":false},"author":3,"featured_media":0,"parent":0,"menu_order":0,"comment_status":"closed","ping_status":"closed","template":"","meta":{"_et_pb_use_builder":"on","_et_pb_old_content":"","_et_gb_content_width":"","footnotes":""},"class_list":["post-120","page","type-page","status-publish","hentry"],"_links":{"self":[{"href":"https:\/\/funflor.com\/fr\/wp-json\/wp\/v2\/pages\/120","targetHints":{"allow":["GET"]}}],"collection":[{"href":"https:\/\/funflor.com\/fr\/wp-json\/wp\/v2\/pages"}],"about":[{"href":"https:\/\/funflor.com\/fr\/wp-json\/wp\/v2\/types\/page"}],"author":[{"embeddable":true,"href":"https:\/\/funflor.com\/fr\/wp-json\/wp\/v2\/users\/3"}],"replies":[{"embeddable":true,"href":"https:\/\/funflor.com\/fr\/wp-json\/wp\/v2\/comments?post=120"}],"version-history":[{"count":11,"href":"https:\/\/funflor.com\/fr\/wp-json\/wp\/v2\/pages\/120\/revisions"}],"predecessor-version":[{"id":543,"href":"https:\/\/funflor.com\/fr\/wp-json\/wp\/v2\/pages\/120\/revisions\/543"}],"wp:attachment":[{"href":"https:\/\/funflor.com\/fr\/wp-json\/wp\/v2\/media?parent=120"}],"curies":[{"name":"wp","href":"https:\/\/api.w.org\/{rel}","templated":true}]}}